{"id":11790,"date":"2017-11-10T15:32:15","date_gmt":"2017-11-10T15:32:15","guid":{"rendered":"http:\/\/www.loetscher-kiesbeton.ch\/?page_id=11790"},"modified":"2026-01-05T09:00:50","modified_gmt":"2026-01-05T09:00:50","slug":"downloads","status":"publish","type":"page","link":"https:\/\/www.loetscher-kiesbeton.ch\/index.php\/downloads\/","title":{"rendered":"DOWNLOADS"},"content":{"rendered":"<div class=\"fusion-fullwidth fullwidth-box fusion-builder-row-1 nonhundred-percent-fullwidth non-hundred-percent-height-scrolling\" style=\"--awb-border-radius-top-left:0px;--awb-border-radius-top-right:0px;--awb-border-radius-bottom-right:0px;--awb-border-radius-bottom-left:0px;--awb-flex-wrap:wrap;\" ><div class=\"fusion-builder-row fusion-row\"><div class=\"fusion-layout-column fusion_builder_column fusion-builder-column-0 fusion_builder_column_1_1 1_1 fusion-one-full fusion-column-first fusion-column-last\" style=\"--awb-bg-size:cover;\"><div class=\"fusion-column-wrapper fusion-column-has-shadow fusion-flex-column-wrapper-legacy\"><div class=\"accordian fusion-accordian\" style=\"--awb-border-size:1px;--awb-icon-size:13px;--awb-content-font-size:15px;--awb-icon-alignment:left;--awb-hover-color:#f9f9f9;--awb-border-color:#cccccc;--awb-background-color:#ffffff;--awb-divider-color:#e0dede;--awb-divider-hover-color:#e0dede;--awb-icon-color:#ffffff;--awb-title-color:#333333;--awb-content-color:#747474;--awb-icon-box-color:#333333;--awb-toggle-hover-accent-color:#a0ce4e;--awb-title-font-family:&quot;Roboto Slab&quot;;--awb-title-font-weight:300;--awb-title-font-style:normal;--awb-title-font-size:14px;--awb-title-letter-spacing:0px;--awb-title-line-height:1.43;--awb-content-font-family:&quot;PT Sans&quot;;--awb-content-font-style:normal;--awb-content-font-weight:400;\"><div class=\"panel-group fusion-toggle-icon-boxed\" id=\"accordion-11790-1\"><div class=\"fusion-panel panel-default panel-7b4bf328c51ba780a fusion-toggle-has-divider\" style=\"--awb-title-color:#333333;--awb-content-color:#747474;\"><div class=\"panel-heading\"><h4 class=\"panel-title toggle\" id=\"toggle_7b4bf328c51ba780a\"><a aria-expanded=\"false\" aria-controls=\"7b4bf328c51ba780a\" role=\"button\" data-toggle=\"collapse\" data-parent=\"#accordion-11790-1\" data-target=\"#7b4bf328c51ba780a\" href=\"#7b4bf328c51ba780a\"><span class=\"fusion-toggle-icon-wrapper\" aria-hidden=\"true\"><i class=\"fa-fusion-box active-icon awb-icon-minus\" aria-hidden=\"true\"><\/i><i class=\"fa-fusion-box inactive-icon awb-icon-plus\" aria-hidden=\"true\"><\/i><\/span><span class=\"fusion-toggle-heading\">Preisliste<\/span><\/a><\/h4><\/div><div id=\"7b4bf328c51ba780a\" class=\"panel-collapse collapse \" aria-labelledby=\"toggle_7b4bf328c51ba780a\"><div class=\"panel-body toggle-content fusion-clearfix\">\n<div class=\"fusion-button-wrapper\"><a class=\"fusion-button button-flat fusion-button-default-size button-default fusion-button-default button-1 fusion-button-default-span fusion-button-default-type\" target=\"_blank\" rel=\"noopener noreferrer\" href=\"https:\/\/www.loetscher-kiesbeton.ch\/wp-content\/uploads\/2025\/11\/Loetscher-Kies-Beton_Preisliste-2026-.pdf\"><i class=\"fa-file-pdf fas awb-button__icon awb-button__icon--default button-icon-left\" aria-hidden=\"true\"><\/i><span class=\"fusion-button-text awb-button__text awb-button__text--default\">Preisliste 2026<\/span><\/a><\/div>\n<\/div><\/div><\/div><div class=\"fusion-panel panel-default panel-6a8e611d20c39b483 fusion-toggle-has-divider\" style=\"--awb-title-color:#333333;--awb-content-color:#747474;\"><div class=\"panel-heading\"><h4 class=\"panel-title toggle\" id=\"toggle_6a8e611d20c39b483\"><a aria-expanded=\"false\" aria-controls=\"6a8e611d20c39b483\" role=\"button\" data-toggle=\"collapse\" data-parent=\"#accordion-11790-1\" data-target=\"#6a8e611d20c39b483\" href=\"#6a8e611d20c39b483\"><span class=\"fusion-toggle-icon-wrapper\" aria-hidden=\"true\"><i class=\"fa-fusion-box active-icon awb-icon-minus\" aria-hidden=\"true\"><\/i><i class=\"fa-fusion-box inactive-icon awb-icon-plus\" aria-hidden=\"true\"><\/i><\/span><span class=\"fusion-toggle-heading\">Zuschl\u00e4ge<\/span><\/a><\/h4><\/div><div id=\"6a8e611d20c39b483\" class=\"panel-collapse collapse \" aria-labelledby=\"toggle_6a8e611d20c39b483\"><div class=\"panel-body toggle-content fusion-clearfix\">\n<p><strong>Aktuelle Energie- und Zementzuschl\u00e4ge, CO2- Abgabe (ab 01.01.2026)<\/strong><\/p>\n<div class=\"table-1\">\n<table width=\"100%\">\n<tbody>\n<tr>\n<td align=\"left\" width=\"300px\">Energie- und Zementzuschlag<\/td>\n<td align=\"left\">Fr. 18.00\/m3 Beton<\/td>\n<\/tr>\n<\/tbody>\n<tbody>\n<tr>\n<td align=\"left\" width=\"300px\">CO2- Abgabe<\/td>\n<td align=\"left\">Fr. 3.00\/m3 Beton<\/td>\n<\/tr>\n<\/tbody>\n<\/table>\n<\/div>\n<\/div><\/div><\/div><div class=\"fusion-panel panel-default panel-316d7da8011f249da fusion-toggle-has-divider\"><div class=\"panel-heading\"><h4 class=\"panel-title toggle\" id=\"toggle_316d7da8011f249da\"><a aria-expanded=\"false\" aria-controls=\"316d7da8011f249da\" role=\"button\" data-toggle=\"collapse\" data-parent=\"#accordion-11790-1\" data-target=\"#316d7da8011f249da\" href=\"#316d7da8011f249da\"><span class=\"fusion-toggle-icon-wrapper\" aria-hidden=\"true\"><i class=\"fa-fusion-box active-icon awb-icon-minus\" aria-hidden=\"true\"><\/i><i class=\"fa-fusion-box inactive-icon awb-icon-plus\" aria-hidden=\"true\"><\/i><\/span><span class=\"fusion-toggle-heading\">Zertifikate<\/span><\/a><\/h4><\/div><div id=\"316d7da8011f249da\" class=\"panel-collapse collapse \" aria-labelledby=\"toggle_316d7da8011f249da\"><div class=\"panel-body toggle-content fusion-clearfix\">\n<div class=\"fusion-button-wrapper\"><a class=\"fusion-button button-flat fusion-button-default-size button-default fusion-button-default button-2 fusion-button-default-span fusion-button-default-type\" target=\"_blank\" rel=\"noopener noreferrer\" href=\"https:\/\/www.loetscher-kiesbeton.ch\/wp-content\/uploads\/2024\/04\/12620-2024.pdf\"><i class=\"fa-file-pdf fas awb-button__icon awb-button__icon--default button-icon-left\" aria-hidden=\"true\"><\/i><span class=\"fusion-button-text awb-button__text awb-button__text--default\">Zertifikat S\u00dcGB &#8211; Gesteinsk\u00f6rnungen f\u00fcr Beton (EN 12620)<\/span><\/a><\/div>\n<p><!--more--><div class=\"fusion-button-wrapper\"><a class=\"fusion-button button-flat fusion-button-default-size button-default fusion-button-default button-3 fusion-button-default-span fusion-button-default-type\" target=\"_blank\" rel=\"noopener noreferrer\" href=\"https:\/\/www.loetscher-kiesbeton.ch\/wp-content\/uploads\/2024\/04\/13285-2024.pdf\"><i class=\"fa-file-pdf fas awb-button__icon awb-button__icon--default button-icon-left\" aria-hidden=\"true\"><\/i><span class=\"fusion-button-text awb-button__text awb-button__text--default\">Zertifikat S\u00dcGB &#8211; Gesteinsk\u00f6rnungen f\u00fcr ungebundene Gemische (EN 13285)<\/span><\/a><\/div>\n<p><!--more--><div class=\"fusion-button-wrapper\"><a class=\"fusion-button button-flat fusion-button-default-size button-default fusion-button-default button-4 fusion-button-default-span fusion-button-default-type\" target=\"_blank\" rel=\"noopener noreferrer\" href=\"https:\/\/www.loetscher-kiesbeton.ch\/wp-content\/uploads\/2024\/04\/13242-2024.pdf\"><i class=\"fa-file-pdf fas awb-button__icon awb-button__icon--default button-icon-left\" aria-hidden=\"true\"><\/i><span class=\"fusion-button-text awb-button__text awb-button__text--default\">Zertifikat S\u00dcGB &#8211; Gesteinsk\u00f6rnungen f\u00fcr ungebundene Gemische (EN 13242)<\/span><\/a><\/div>\n<p><!--more--><\/p>\n<div class=\"fusion-button-wrapper\"><a class=\"fusion-button button-flat fusion-button-default-size button-default fusion-button-default button-5 fusion-button-default-span fusion-button-default-type\" target=\"_blank\" rel=\"noopener noreferrer\" href=\"https:\/\/www.loetscher-kiesbeton.ch\/wp-content\/uploads\/2024\/04\/206-2024.pdf\"><i class=\"fa-file-pdf fas awb-button__icon awb-button__icon--default button-icon-left\" aria-hidden=\"true\"><\/i><span class=\"fusion-button-text awb-button__text awb-button__text--default\">Zertifikat S\u00dcGB EN 206 &#8211; Beton<\/span><\/a><\/div>\n<p><!--more--><\/p>\n<div class=\"fusion-button-wrapper\"><a class=\"fusion-button button-flat fusion-button-default-size button-default fusion-button-default button-6 fusion-button-default-span fusion-button-default-type\" target=\"_blank\" rel=\"noopener noreferrer\" href=\"https:\/\/www.loetscher-kiesbeton.ch\/wp-content\/uploads\/2023\/11\/2023_Loetscher-Kies-und-Beton-AG_Zertifikat.pdf\"><i class=\"fa-file-pdf fas awb-button__icon awb-button__icon--default button-icon-left\" aria-hidden=\"true\"><\/i><span class=\"fusion-button-text awb-button__text awb-button__text--default\">Zertifikat Natur&amp;Wirtschaft<\/span><\/a><\/div>\n<\/div><\/div><\/div><div class=\"fusion-panel panel-default panel-5379c5cb0a573134a fusion-toggle-has-divider\"><div class=\"panel-heading\"><h4 class=\"panel-title toggle\" id=\"toggle_5379c5cb0a573134a\"><a aria-expanded=\"false\" aria-controls=\"5379c5cb0a573134a\" role=\"button\" data-toggle=\"collapse\" data-parent=\"#accordion-11790-1\" data-target=\"#5379c5cb0a573134a\" href=\"#5379c5cb0a573134a\"><span class=\"fusion-toggle-icon-wrapper\" aria-hidden=\"true\"><i class=\"fa-fusion-box active-icon awb-icon-minus\" aria-hidden=\"true\"><\/i><i class=\"fa-fusion-box inactive-icon awb-icon-plus\" aria-hidden=\"true\"><\/i><\/span><span class=\"fusion-toggle-heading\">Sicherheitsdatenbl\u00e4tter<\/span><\/a><\/h4><\/div><div id=\"5379c5cb0a573134a\" class=\"panel-collapse collapse \" aria-labelledby=\"toggle_5379c5cb0a573134a\"><div class=\"panel-body toggle-content fusion-clearfix\">\n<div class=\"fusion-button-wrapper\"><a class=\"fusion-button button-flat fusion-button-default-size button-default fusion-button-default button-7 fusion-button-default-span fusion-button-default-type\" target=\"_blank\" rel=\"noopener noreferrer\" href=\"https:\/\/www.loetscher-kiesbeton.ch\/wp-content\/uploads\/2022\/11\/Sicherheitsdatenblatt-Frischbeton.pdf\"><i class=\"fa-file-pdf fas awb-button__icon awb-button__icon--default button-icon-left\" aria-hidden=\"true\"><\/i><span class=\"fusion-button-text awb-button__text awb-button__text--default\">Sicherheitsdatenblatt Beton<\/span><\/a><\/div>\n<p><!--more--><\/p>\n<div class=\"fusion-button-wrapper\"><a class=\"fusion-button button-flat fusion-button-default-size button-default fusion-button-default button-8 fusion-button-default-span fusion-button-default-type\" target=\"_blank\" rel=\"noopener noreferrer\" href=\"https:\/\/www.loetscher-kiesbeton.ch\/wp-content\/uploads\/2017\/11\/Sicherheitsmerkblatt-Beton.pdf\"><i class=\"fa-file-pdf fas awb-button__icon awb-button__icon--default button-icon-left\" aria-hidden=\"true\"><\/i><span class=\"fusion-button-text awb-button__text awb-button__text--default\">Sicherheitsmerkblatt Beton<\/span><\/a><\/div>\n<\/div><\/div><\/div><div class=\"fusion-panel panel-default panel-215a6d9571f366552 fusion-toggle-has-divider\"><div class=\"panel-heading\"><h4 class=\"panel-title toggle\" id=\"toggle_215a6d9571f366552\"><a aria-expanded=\"false\" aria-controls=\"215a6d9571f366552\" role=\"button\" data-toggle=\"collapse\" data-parent=\"#accordion-11790-1\" data-target=\"#215a6d9571f366552\" href=\"#215a6d9571f366552\"><span class=\"fusion-toggle-icon-wrapper\" aria-hidden=\"true\"><i class=\"fa-fusion-box active-icon awb-icon-minus\" aria-hidden=\"true\"><\/i><i class=\"fa-fusion-box inactive-icon awb-icon-plus\" aria-hidden=\"true\"><\/i><\/span><span class=\"fusion-toggle-heading\">Formulare<\/span><\/a><\/h4><\/div><div id=\"215a6d9571f366552\" class=\"panel-collapse collapse \" aria-labelledby=\"toggle_215a6d9571f366552\"><div class=\"panel-body toggle-content fusion-clearfix\">\n<div class=\"fusion-button-wrapper\"><a class=\"fusion-button button-flat fusion-button-default-size button-default fusion-button-default button-9 fusion-button-default-span fusion-button-default-type\" target=\"_blank\" rel=\"noopener noreferrer\" href=\"https:\/\/www.loetscher-kiesbeton.ch\/wp-content\/uploads\/2019\/10\/Aushubdeklaration.pdf\"><i class=\"fa-file-pdf fas awb-button__icon awb-button__icon--default button-icon-left\" aria-hidden=\"true\"><\/i><span class=\"fusion-button-text awb-button__text awb-button__text--default\">Aushubdeklaration<\/span><\/a><\/div>\n<\/div><\/div><\/div><div class=\"fusion-panel panel-default panel-0d9f1f8deb951be13 fusion-toggle-has-divider\"><div class=\"panel-heading\"><h4 class=\"panel-title toggle\" id=\"toggle_0d9f1f8deb951be13\"><a aria-expanded=\"false\" aria-controls=\"0d9f1f8deb951be13\" role=\"button\" data-toggle=\"collapse\" data-parent=\"#accordion-11790-1\" data-target=\"#0d9f1f8deb951be13\" href=\"#0d9f1f8deb951be13\"><span class=\"fusion-toggle-icon-wrapper\" aria-hidden=\"true\"><i class=\"fa-fusion-box active-icon awb-icon-minus\" aria-hidden=\"true\"><\/i><i class=\"fa-fusion-box inactive-icon awb-icon-plus\" aria-hidden=\"true\"><\/i><\/span><span class=\"fusion-toggle-heading\">Leistungserkl\u00e4rungen \/ Herstellererkl\u00e4rungen<\/span><\/a><\/h4><\/div><div id=\"0d9f1f8deb951be13\" class=\"panel-collapse collapse \" aria-labelledby=\"toggle_0d9f1f8deb951be13\"><div class=\"panel-body toggle-content fusion-clearfix\">\n<div class=\"fusion-button-wrapper\"><a class=\"fusion-button button-flat fusion-button-default-size button-default fusion-button-default button-10 fusion-button-default-span fusion-button-default-type\" target=\"_blank\" rel=\"noopener noreferrer\" href=\"https:\/\/www.loetscher-kiesbeton.ch\/wp-content\/uploads\/2023\/06\/Leistungserklaerung_Primaergesteinskoernungen_Beton_1-2023.pdf\"><i class=\"fa-file-pdf fas awb-button__icon awb-button__icon--default button-icon-left\" aria-hidden=\"true\"><\/i><span class=\"fusion-button-text awb-button__text awb-button__text--default\">Leistungserkl\u00e4rung Prim\u00e4rgesteinsk\u00f6rnungen f\u00fcr Beton<\/span><\/a><\/div>\n<p><!--more--><\/p>\n<div class=\"fusion-button-wrapper\"><a class=\"fusion-button button-flat fusion-button-default-size button-default fusion-button-default button-11 fusion-button-default-span fusion-button-default-type\" target=\"_blank\" rel=\"noopener noreferrer\" href=\"https:\/\/www.loetscher-kiesbeton.ch\/wp-content\/uploads\/2023\/06\/Leistungserklaerung_Recyclinggesteinskoernungen_Beton_1-2023.pdf\"><i class=\"fa-file-pdf fas awb-button__icon awb-button__icon--default button-icon-left\" aria-hidden=\"true\"><\/i><span class=\"fusion-button-text awb-button__text awb-button__text--default\">Leistungserkl\u00e4rung Recyclinggesteinsk\u00f6rnungen f\u00fcr Beton<\/span><\/a><\/div>\n<p><!--more--><\/p>\n<div class=\"fusion-button-wrapper\"><a class=\"fusion-button button-flat fusion-button-default-size button-default fusion-button-default button-12 fusion-button-default-span fusion-button-default-type\" target=\"_blank\" rel=\"noopener noreferrer\" href=\"https:\/\/www.loetscher-kiesbeton.ch\/wp-content\/uploads\/2023\/06\/Herstellererklaerung_Recyclinggesteinskoernung_UG_1-2023.pdf\"><i class=\"fa-file-pdf fas awb-button__icon awb-button__icon--default button-icon-left\" aria-hidden=\"true\"><\/i><span class=\"fusion-button-text awb-button__text awb-button__text--default\">Herstellererkl\u00e4rung Recyclinggesteinsk\u00f6rnungen f\u00fcr ungebundene Gemische<\/span><\/a><\/div>\n<p><!--more--><\/p>\n<div class=\"fusion-button-wrapper\"><a class=\"fusion-button button-flat fusion-button-default-size button-default fusion-button-default button-13 fusion-button-default-span fusion-button-default-type\" target=\"_blank\" rel=\"noopener noreferrer\" href=\"https:\/\/www.loetscher-kiesbeton.ch\/wp-content\/uploads\/2023\/06\/Herstellererklaerung_Primaergesteinskoernung_UG_01-2023.pdf\"><i class=\"fa-file-pdf fas awb-button__icon awb-button__icon--default button-icon-left\" aria-hidden=\"true\"><\/i><span class=\"fusion-button-text awb-button__text awb-button__text--default\">Herstellererkl\u00e4rung Prim\u00e4rgesteinsk\u00f6rnungen f\u00fcr ungebundene Gemische<\/span><\/a><\/div>\n<\/div><\/div><\/div><div class=\"fusion-panel panel-default panel-fda79d4df65b97614 fusion-toggle-has-divider\"><div class=\"panel-heading\"><h4 class=\"panel-title toggle\" id=\"toggle_fda79d4df65b97614\"><a aria-expanded=\"false\" aria-controls=\"fda79d4df65b97614\" role=\"button\" data-toggle=\"collapse\" data-parent=\"#accordion-11790-1\" data-target=\"#fda79d4df65b97614\" href=\"#fda79d4df65b97614\"><span class=\"fusion-toggle-icon-wrapper\" aria-hidden=\"true\"><i class=\"fa-fusion-box active-icon awb-icon-minus\" aria-hidden=\"true\"><\/i><i class=\"fa-fusion-box inactive-icon awb-icon-plus\" aria-hidden=\"true\"><\/i><\/span><span class=\"fusion-toggle-heading\">Brosch\u00fcren \/ Flyer<\/span><\/a><\/h4><\/div><div id=\"fda79d4df65b97614\" class=\"panel-collapse collapse \" aria-labelledby=\"toggle_fda79d4df65b97614\"><div class=\"panel-body toggle-content fusion-clearfix\">\n<div class=\"fusion-button-wrapper\"><a class=\"fusion-button button-flat fusion-button-default-size button-default fusion-button-default button-14 fusion-button-default-span fusion-button-default-type\" target=\"_blank\" rel=\"noopener noreferrer\" href=\"https:\/\/www.loetscher-kiesbeton.ch\/wp-content\/uploads\/2019\/09\/Recycling-Baustoffe.pdf\"><i class=\"fa-file-pdf fas awb-button__icon awb-button__icon--default button-icon-left\" aria-hidden=\"true\"><\/i><span class=\"fusion-button-text awb-button__text awb-button__text--default\">Flyer Recycling-Baustoffe f\u00fcr ein nachhaltiges Bauen<\/span><\/a><\/div>\n<p><!--more--><\/p>\n<div class=\"fusion-button-wrapper\"><a class=\"fusion-button button-flat fusion-button-default-size button-default fusion-button-default button-15 fusion-button-default-span fusion-button-default-type\" target=\"_blank\" rel=\"noopener noreferrer\" href=\"https:\/\/www.loetscher-kiesbeton.ch\/wp-content\/uploads\/2020\/06\/Bergschotter_Nachhaltige-Mergelbel\u00e4ge.pdf\"><i class=\"fa-file-pdf fas awb-button__icon awb-button__icon--default button-icon-left\" aria-hidden=\"true\"><\/i><span class=\"fusion-button-text awb-button__text awb-button__text--default\">Flyer Bergschotter: Nachhaltige Mergelbel\u00e4ge<\/span><\/a><\/div>\n<\/div><\/div><\/div><\/div><\/div><div class=\"fusion-clearfix\"><\/div><\/div><\/div><\/div><\/div>\n","protected":false},"excerpt":{"rendered":"","protected":false},"author":1,"featured_media":0,"parent":0,"menu_order":0,"comment_status":"closed","ping_status":"closed","template":"","meta":{"footnotes":""},"class_list":["post-11790","page","type-page","status-publish","hentry"],"_links":{"self":[{"href":"https:\/\/www.loetscher-kiesbeton.ch\/index.php\/wp-json\/wp\/v2\/pages\/11790","targetHints":{"allow":["GET"]}}],"collection":[{"href":"https:\/\/www.loetscher-kiesbeton.ch\/index.php\/wp-json\/wp\/v2\/pages"}],"about":[{"href":"https:\/\/www.loetscher-kiesbeton.ch\/index.php\/wp-json\/wp\/v2\/types\/page"}],"author":[{"embeddable":true,"href":"https:\/\/www.loetscher-kiesbeton.ch\/index.php\/wp-json\/wp\/v2\/users\/1"}],"replies":[{"embeddable":true,"href":"https:\/\/www.loetscher-kiesbeton.ch\/index.php\/wp-json\/wp\/v2\/comments?post=11790"}],"version-history":[{"count":166,"href":"https:\/\/www.loetscher-kiesbeton.ch\/index.php\/wp-json\/wp\/v2\/pages\/11790\/revisions"}],"predecessor-version":[{"id":13446,"href":"https:\/\/www.loetscher-kiesbeton.ch\/index.php\/wp-json\/wp\/v2\/pages\/11790\/revisions\/13446"}],"wp:attachment":[{"href":"https:\/\/www.loetscher-kiesbeton.ch\/index.php\/wp-json\/wp\/v2\/media?parent=11790"}],"curies":[{"name":"wp","href":"https:\/\/api.w.org\/{rel}","templated":true}]}}