{"id":11800,"date":"2017-11-10T15:35:33","date_gmt":"2017-11-10T15:35:33","guid":{"rendered":"http:\/\/www.loetscher-kiesbeton.ch\/?page_id=11800"},"modified":"2019-09-21T12:39:25","modified_gmt":"2019-09-21T12:39:25","slug":"beton","status":"publish","type":"page","link":"https:\/\/www.loetscher-kiesbeton.ch\/index.php\/produkte\/beton\/","title":{"rendered":"Beton"},"content":{"rendered":"<div class=\"fusion-fullwidth fullwidth-box fusion-builder-row-1 nonhundred-percent-fullwidth non-hundred-percent-height-scrolling\" style=\"--awb-border-radius-top-left:0px;--awb-border-radius-top-right:0px;--awb-border-radius-bottom-right:0px;--awb-border-radius-bottom-left:0px;--awb-flex-wrap:wrap;\" ><div class=\"fusion-builder-row fusion-row\"><div class=\"fusion-layout-column fusion_builder_column fusion-builder-column-0 fusion_builder_column_1_1 1_1 fusion-one-full fusion-column-first fusion-column-last\" style=\"--awb-bg-size:cover;\"><div class=\"fusion-column-wrapper fusion-column-has-shadow fusion-flex-column-wrapper-legacy\"><div class=\"accordian fusion-accordian\" style=\"--awb-border-size:1px;--awb-icon-size:13px;--awb-content-font-size:15px;--awb-icon-alignment:left;--awb-hover-color:#f9f9f9;--awb-border-color:#cccccc;--awb-background-color:#ffffff;--awb-divider-color:#e0dede;--awb-divider-hover-color:#e0dede;--awb-icon-color:#ffffff;--awb-title-color:#333333;--awb-content-color:#747474;--awb-icon-box-color:#333333;--awb-toggle-hover-accent-color:#a0ce4e;--awb-title-font-family:&quot;Roboto Slab&quot;;--awb-title-font-weight:300;--awb-title-font-style:normal;--awb-title-font-size:14px;--awb-title-letter-spacing:0px;--awb-title-line-height:1.43;--awb-content-font-family:&quot;PT Sans&quot;;--awb-content-font-style:normal;--awb-content-font-weight:400;\"><div class=\"panel-group fusion-toggle-icon-boxed\" id=\"accordion-11800-1\"><div class=\"fusion-panel panel-default panel-39c2a64fc89ccf006 fusion-toggle-has-divider\"><div class=\"panel-heading\"><h4 class=\"panel-title toggle\" id=\"toggle_39c2a64fc89ccf006\"><a aria-expanded=\"false\" aria-controls=\"39c2a64fc89ccf006\" role=\"button\" data-toggle=\"collapse\" data-parent=\"#accordion-11800-1\" data-target=\"#39c2a64fc89ccf006\" href=\"#39c2a64fc89ccf006\"><span class=\"fusion-toggle-icon-wrapper\" aria-hidden=\"true\"><i class=\"fa-fusion-box active-icon awb-icon-minus\" aria-hidden=\"true\"><\/i><i class=\"fa-fusion-box inactive-icon awb-icon-plus\" aria-hidden=\"true\"><\/i><\/span><span class=\"fusion-toggle-heading\">Sortiment<\/span><\/a><\/h4><\/div><div id=\"39c2a64fc89ccf006\" class=\"panel-collapse collapse \" aria-labelledby=\"toggle_39c2a64fc89ccf006\"><div class=\"panel-body toggle-content fusion-clearfix\">\n<p><span class=\"fliesstext\">Unser Betonangebot umfasst qualifizierte und unqualifizierte Produkte.<\/span><\/p>\n<p>\u2013 Beton nach SN EN 206<br \/>\n\u2013 Kran- und Pumpbeton nach Zusammensetzung<br \/>\n\u2013 Stampfbeton \/ Magerbeton<br \/>\n\u2013 Sickerbeton \/ Splittbeton \/ Stabibeton<br \/>\n\u2013 \u00dcberzug<br \/>\n\u2013 Stahlfaserbeton<br \/>\n\u2013 Selbstverdichtender Beton (SCC)<br \/>\n\u2013 Recyclingbeton<\/p>\n<\/div><\/div><\/div><div class=\"fusion-panel panel-default panel-d575ee5cd8e31a8a5 fusion-toggle-has-divider\"><div class=\"panel-heading\"><h4 class=\"panel-title toggle\" id=\"toggle_d575ee5cd8e31a8a5\"><a aria-expanded=\"false\" aria-controls=\"d575ee5cd8e31a8a5\" role=\"button\" data-toggle=\"collapse\" data-parent=\"#accordion-11800-1\" data-target=\"#d575ee5cd8e31a8a5\" href=\"#d575ee5cd8e31a8a5\"><span class=\"fusion-toggle-icon-wrapper\" aria-hidden=\"true\"><i class=\"fa-fusion-box active-icon awb-icon-minus\" aria-hidden=\"true\"><\/i><i class=\"fa-fusion-box inactive-icon awb-icon-plus\" aria-hidden=\"true\"><\/i><\/span><span class=\"fusion-toggle-heading\">Recyclingbeton f\u00fcr ein nachhaltiges Bauen<\/span><\/a><\/h4><\/div><div id=\"d575ee5cd8e31a8a5\" class=\"panel-collapse collapse \" aria-labelledby=\"toggle_d575ee5cd8e31a8a5\"><div class=\"panel-body toggle-content fusion-clearfix\">\n<ul style=\"--awb-line-height:23.8px;--awb-icon-width:23.8px;--awb-icon-height:23.8px;--awb-icon-margin:9.8px;--awb-content-margin:33.6px;--awb-circlecolor:#a0ce4e;--awb-circle-yes-font-size:12.32px;\" class=\"fusion-checklist fusion-checklist-1 fusion-checklist-default type-icons\"><li class=\"fusion-li-item\" style=\"\"><span class=\"icon-wrapper circle-yes\"><i class=\"fusion-li-icon fa-recycle fas\" aria-hidden=\"true\"><\/i><\/span><div class=\"fusion-li-item-content\">\n<p>Schliessung der Stoffkreisl\u00e4ufe<\/p>\n<\/div><\/li><li class=\"fusion-li-item\" style=\"\"><span class=\"icon-wrapper circle-yes\"><i class=\"fusion-li-icon fa-recycle fas\" aria-hidden=\"true\"><\/i><\/span><div class=\"fusion-li-item-content\">\n<p>Schonung der nat\u00fcrlichen Ressourcen<\/p>\n<\/div><\/li><li class=\"fusion-li-item\" style=\"\"><span class=\"icon-wrapper circle-yes\"><i class=\"fusion-li-icon fa-recycle fas\" aria-hidden=\"true\"><\/i><\/span><div class=\"fusion-li-item-content\">\n<p>Sparen von wertvollem Deponieraum<\/p>\n<\/div><\/li><li class=\"fusion-li-item\" style=\"\"><span class=\"icon-wrapper circle-yes\"><i class=\"fusion-li-icon fa-recycle fas\" aria-hidden=\"true\"><\/i><\/span><div class=\"fusion-li-item-content\">\n<p>Verantwortungsvoll gegen\u00fcber k\u00fcnftigen Generationen<\/p>\n<\/div><\/li><\/ul>\n<\/div><\/div><\/div><div class=\"fusion-panel panel-default panel-209cf546ca13f87a5 fusion-toggle-has-divider\"><div class=\"panel-heading\"><h4 class=\"panel-title toggle\" id=\"toggle_209cf546ca13f87a5\"><a aria-expanded=\"false\" aria-controls=\"209cf546ca13f87a5\" role=\"button\" data-toggle=\"collapse\" data-parent=\"#accordion-11800-1\" data-target=\"#209cf546ca13f87a5\" href=\"#209cf546ca13f87a5\"><span class=\"fusion-toggle-icon-wrapper\" aria-hidden=\"true\"><i class=\"fa-fusion-box active-icon awb-icon-minus\" aria-hidden=\"true\"><\/i><i class=\"fa-fusion-box inactive-icon awb-icon-plus\" aria-hidden=\"true\"><\/i><\/span><span class=\"fusion-toggle-heading\">Recyclingbetone sind Qualit\u00e4tsprodukte<\/span><\/a><\/h4><\/div><div id=\"209cf546ca13f87a5\" class=\"panel-collapse collapse \" aria-labelledby=\"toggle_209cf546ca13f87a5\"><div class=\"panel-body toggle-content fusion-clearfix\">\n<ul style=\"--awb-line-height:23.8px;--awb-icon-width:23.8px;--awb-icon-height:23.8px;--awb-icon-margin:9.8px;--awb-content-margin:33.6px;--awb-circlecolor:#a0ce4e;--awb-circle-yes-font-size:12.32px;\" class=\"fusion-checklist fusion-checklist-2 fusion-checklist-default type-icons\"><li class=\"fusion-li-item\" style=\"\"><span class=\"icon-wrapper circle-yes\"><i class=\"fusion-li-icon fa-check fas\" aria-hidden=\"true\"><\/i><\/span><div class=\"fusion-li-item-content\">\n<p>garantierte Leistungsf\u00e4higkeit und Dauerhaftigkeit (Erf\u00fcllen der Normen)<\/p>\n<\/div><\/li><li class=\"fusion-li-item\" style=\"\"><span class=\"icon-wrapper circle-yes\"><i class=\"fusion-li-icon fa-check fas\" aria-hidden=\"true\"><\/i><\/span><div class=\"fusion-li-item-content\">\n<p>gleichwertig wie Produkte aus Prim\u00e4rmaterialien<\/p>\n<\/div><\/li><li class=\"fusion-li-item\" style=\"\"><span class=\"icon-wrapper circle-yes\"><i class=\"fusion-li-icon fa-check fas\" aria-hidden=\"true\"><\/i><\/span><div class=\"fusion-li-item-content\">\n<p>hohe und konstante Qualit\u00e4t<\/p>\n<\/div><\/li><li class=\"fusion-li-item\" style=\"\"><span class=\"icon-wrapper circle-yes\"><i class=\"fusion-li-icon fa-check fas\" aria-hidden=\"true\"><\/i><\/span><div class=\"fusion-li-item-content\">\n<p>transparente Zusammensetzung<\/p>\n<\/div><\/li><li class=\"fusion-li-item\" style=\"\"><span class=\"icon-wrapper circle-yes\"><i class=\"fusion-li-icon fa-check fas\" aria-hidden=\"true\"><\/i><\/span><div class=\"fusion-li-item-content\">\n<p>kosteng\u00fcnstig und wirtschaftlich<\/p>\n<\/div><\/li><li class=\"fusion-li-item\" style=\"\"><span class=\"icon-wrapper circle-yes\"><i class=\"fusion-li-icon fa-check fas\" aria-hidden=\"true\"><\/i><\/span><div class=\"fusion-li-item-content\">\n<p>laufende \u00dcberpr\u00fcfung der Qualit\u00e4tsanforderungen<\/p>\n<\/div><\/li><li class=\"fusion-li-item\" style=\"\"><span class=\"icon-wrapper circle-yes\"><i class=\"fusion-li-icon fa-check fas\" aria-hidden=\"true\"><\/i><\/span><div class=\"fusion-li-item-content\">\n<p>erf\u00fcllen MINERGIE-ECO\u00ae Standards<\/p>\n<\/div><\/li><\/ul>\n<\/div><\/div><\/div><div class=\"fusion-panel panel-default panel-d185834dec805877c fusion-toggle-has-divider\"><div class=\"panel-heading\"><h4 class=\"panel-title toggle\" id=\"toggle_d185834dec805877c\"><a aria-expanded=\"false\" aria-controls=\"d185834dec805877c\" role=\"button\" data-toggle=\"collapse\" data-parent=\"#accordion-11800-1\" data-target=\"#d185834dec805877c\" href=\"#d185834dec805877c\"><span class=\"fusion-toggle-icon-wrapper\" aria-hidden=\"true\"><i class=\"fa-fusion-box active-icon awb-icon-minus\" aria-hidden=\"true\"><\/i><i class=\"fa-fusion-box inactive-icon awb-icon-plus\" aria-hidden=\"true\"><\/i><\/span><span class=\"fusion-toggle-heading\">SIA \/ eco-bau \/ Minergie Eco<\/span><\/a><\/h4><\/div><div id=\"d185834dec805877c\" class=\"panel-collapse collapse \" aria-labelledby=\"toggle_d185834dec805877c\"><div class=\"panel-body toggle-content fusion-clearfix\">\n<p><img decoding=\"async\" class=\"alignnone size-full wp-image-12566\" src=\"https:\/\/www.loetscher-kiesbeton.ch\/wp-content\/uploads\/2019\/09\/SIA-Ecobau-Minergie.jpg\" alt=\"\" width=\"5269\" height=\"4877\" srcset=\"https:\/\/www.loetscher-kiesbeton.ch\/wp-content\/uploads\/2019\/09\/SIA-Ecobau-Minergie-200x185.jpg 200w, https:\/\/www.loetscher-kiesbeton.ch\/wp-content\/uploads\/2019\/09\/SIA-Ecobau-Minergie-300x278.jpg 300w, https:\/\/www.loetscher-kiesbeton.ch\/wp-content\/uploads\/2019\/09\/SIA-Ecobau-Minergie-400x370.jpg 400w, https:\/\/www.loetscher-kiesbeton.ch\/wp-content\/uploads\/2019\/09\/SIA-Ecobau-Minergie-600x555.jpg 600w, https:\/\/www.loetscher-kiesbeton.ch\/wp-content\/uploads\/2019\/09\/SIA-Ecobau-Minergie-768x711.jpg 768w, https:\/\/www.loetscher-kiesbeton.ch\/wp-content\/uploads\/2019\/09\/SIA-Ecobau-Minergie-800x740.jpg 800w, https:\/\/www.loetscher-kiesbeton.ch\/wp-content\/uploads\/2019\/09\/SIA-Ecobau-Minergie-1024x948.jpg 1024w, https:\/\/www.loetscher-kiesbeton.ch\/wp-content\/uploads\/2019\/09\/SIA-Ecobau-Minergie-1200x1111.jpg 1200w, https:\/\/www.loetscher-kiesbeton.ch\/wp-content\/uploads\/2019\/09\/SIA-Ecobau-Minergie.jpg 5269w\" sizes=\"(max-width: 5269px) 100vw, 5269px\" \/><\/p>\n<\/div><\/div><\/div><div class=\"fusion-panel panel-default panel-b86450f5df034f8fd fusion-toggle-has-divider\"><div class=\"panel-heading\"><h4 class=\"panel-title toggle\" id=\"toggle_b86450f5df034f8fd\"><a aria-expanded=\"false\" aria-controls=\"b86450f5df034f8fd\" role=\"button\" data-toggle=\"collapse\" data-parent=\"#accordion-11800-1\" data-target=\"#b86450f5df034f8fd\" href=\"#b86450f5df034f8fd\"><span class=\"fusion-toggle-icon-wrapper\" aria-hidden=\"true\"><i class=\"fa-fusion-box active-icon awb-icon-minus\" aria-hidden=\"true\"><\/i><i class=\"fa-fusion-box inactive-icon awb-icon-plus\" aria-hidden=\"true\"><\/i><\/span><span class=\"fusion-toggle-heading\">Einsatzgebiete von Recyclingbeton SIA-Merkblatt 2030<\/span><\/a><\/h4><\/div><div id=\"b86450f5df034f8fd\" class=\"panel-collapse collapse \" aria-labelledby=\"toggle_b86450f5df034f8fd\"><div class=\"panel-body toggle-content fusion-clearfix\">\n<p><img decoding=\"async\" class=\"alignnone size-full wp-image-12568\" src=\"https:\/\/www.loetscher-kiesbeton.ch\/wp-content\/uploads\/2019\/09\/Einsatzgebiete-RC-Beton-SIA.jpg\" alt=\"\" width=\"5269\" height=\"1887\" srcset=\"https:\/\/www.loetscher-kiesbeton.ch\/wp-content\/uploads\/2019\/09\/Einsatzgebiete-RC-Beton-SIA-200x72.jpg 200w, https:\/\/www.loetscher-kiesbeton.ch\/wp-content\/uploads\/2019\/09\/Einsatzgebiete-RC-Beton-SIA-300x107.jpg 300w, https:\/\/www.loetscher-kiesbeton.ch\/wp-content\/uploads\/2019\/09\/Einsatzgebiete-RC-Beton-SIA-400x143.jpg 400w, https:\/\/www.loetscher-kiesbeton.ch\/wp-content\/uploads\/2019\/09\/Einsatzgebiete-RC-Beton-SIA-600x215.jpg 600w, https:\/\/www.loetscher-kiesbeton.ch\/wp-content\/uploads\/2019\/09\/Einsatzgebiete-RC-Beton-SIA-768x275.jpg 768w, https:\/\/www.loetscher-kiesbeton.ch\/wp-content\/uploads\/2019\/09\/Einsatzgebiete-RC-Beton-SIA-800x287.jpg 800w, https:\/\/www.loetscher-kiesbeton.ch\/wp-content\/uploads\/2019\/09\/Einsatzgebiete-RC-Beton-SIA-1024x367.jpg 1024w, https:\/\/www.loetscher-kiesbeton.ch\/wp-content\/uploads\/2019\/09\/Einsatzgebiete-RC-Beton-SIA-1200x430.jpg 1200w, https:\/\/www.loetscher-kiesbeton.ch\/wp-content\/uploads\/2019\/09\/Einsatzgebiete-RC-Beton-SIA.jpg 5269w\" sizes=\"(max-width: 5269px) 100vw, 5269px\" \/><\/p>\n<\/div><\/div><\/div><div class=\"fusion-panel panel-default panel-db5f8dee127993d26 fusion-toggle-has-divider\"><div class=\"panel-heading\"><h4 class=\"panel-title toggle\" id=\"toggle_db5f8dee127993d26\"><a aria-expanded=\"false\" aria-controls=\"db5f8dee127993d26\" role=\"button\" data-toggle=\"collapse\" data-parent=\"#accordion-11800-1\" data-target=\"#db5f8dee127993d26\" href=\"#db5f8dee127993d26\"><span class=\"fusion-toggle-icon-wrapper\" aria-hidden=\"true\"><i class=\"fa-fusion-box active-icon awb-icon-minus\" aria-hidden=\"true\"><\/i><i class=\"fa-fusion-box inactive-icon awb-icon-plus\" aria-hidden=\"true\"><\/i><\/span><span class=\"fusion-toggle-heading\">RC-Bauteilkatalog<\/span><\/a><\/h4><\/div><div id=\"db5f8dee127993d26\" class=\"panel-collapse collapse \" aria-labelledby=\"toggle_db5f8dee127993d26\"><div class=\"panel-body toggle-content fusion-clearfix\">\n<p><img decoding=\"async\" class=\"alignnone size-full wp-image-12544\" src=\"https:\/\/www.loetscher-kiesbeton.ch\/wp-content\/uploads\/2019\/09\/RC-Bauteilkatalog.jpg\" alt=\"\" width=\"10648\" height=\"6885\" srcset=\"https:\/\/www.loetscher-kiesbeton.ch\/wp-content\/uploads\/2019\/09\/RC-Bauteilkatalog-200x129.jpg 200w, https:\/\/www.loetscher-kiesbeton.ch\/wp-content\/uploads\/2019\/09\/RC-Bauteilkatalog-300x194.jpg 300w, https:\/\/www.loetscher-kiesbeton.ch\/wp-content\/uploads\/2019\/09\/RC-Bauteilkatalog-400x259.jpg 400w, https:\/\/www.loetscher-kiesbeton.ch\/wp-content\/uploads\/2019\/09\/RC-Bauteilkatalog-600x388.jpg 600w, https:\/\/www.loetscher-kiesbeton.ch\/wp-content\/uploads\/2019\/09\/RC-Bauteilkatalog-768x497.jpg 768w, https:\/\/www.loetscher-kiesbeton.ch\/wp-content\/uploads\/2019\/09\/RC-Bauteilkatalog-800x517.jpg 800w, https:\/\/www.loetscher-kiesbeton.ch\/wp-content\/uploads\/2019\/09\/RC-Bauteilkatalog-1024x662.jpg 1024w, https:\/\/www.loetscher-kiesbeton.ch\/wp-content\/uploads\/2019\/09\/RC-Bauteilkatalog-1200x776.jpg 1200w, https:\/\/www.loetscher-kiesbeton.ch\/wp-content\/uploads\/2019\/09\/RC-Bauteilkatalog.jpg 10648w\" sizes=\"(max-width: 10648px) 100vw, 10648px\" \/><\/p>\n<div class=\"fusion-button-wrapper\"><a class=\"fusion-button button-flat fusion-button-default-size button-default fusion-button-default button-1 fusion-button-default-span fusion-button-default-type\" target=\"_blank\" rel=\"noopener noreferrer\" href=\"https:\/\/www.loetscher-kiesbeton.ch\/wp-content\/uploads\/2019\/09\/RC-Bauteilkatalog.pdf\"><i class=\"fa-file-pdf fas awb-button__icon awb-button__icon--default button-icon-left\" aria-hidden=\"true\"><\/i><span class=\"fusion-button-text awb-button__text awb-button__text--default\">RC-Bauteilkatalog<\/span><\/a><\/div>\n<\/div><\/div><\/div><div class=\"fusion-panel panel-default panel-bb3daba8a7ff2ecfb fusion-toggle-has-divider\"><div class=\"panel-heading\"><h4 class=\"panel-title toggle\" id=\"toggle_bb3daba8a7ff2ecfb\"><a aria-expanded=\"false\" aria-controls=\"bb3daba8a7ff2ecfb\" role=\"button\" data-toggle=\"collapse\" data-parent=\"#accordion-11800-1\" data-target=\"#bb3daba8a7ff2ecfb\" href=\"#bb3daba8a7ff2ecfb\"><span class=\"fusion-toggle-icon-wrapper\" aria-hidden=\"true\"><i class=\"fa-fusion-box active-icon awb-icon-minus\" aria-hidden=\"true\"><\/i><i class=\"fa-fusion-box inactive-icon awb-icon-plus\" aria-hidden=\"true\"><\/i><\/span><span class=\"fusion-toggle-heading\">Sicherheitsdatenbl\u00e4tter <\/span><\/a><\/h4><\/div><div id=\"bb3daba8a7ff2ecfb\" class=\"panel-collapse collapse \" aria-labelledby=\"toggle_bb3daba8a7ff2ecfb\"><div class=\"panel-body toggle-content fusion-clearfix\">\n<div class=\"fusion-button-wrapper\"><a class=\"fusion-button button-flat fusion-button-default-size button-default fusion-button-default button-2 fusion-button-default-span fusion-button-default-type\" target=\"_blank\" rel=\"noopener noreferrer\" href=\"https:\/\/www.loetscher-kiesbeton.ch\/wp-content\/uploads\/2017\/11\/Sicherheitsdatenblatt-Beton.pdf\"><i class=\"fa-file-pdf fas awb-button__icon awb-button__icon--default button-icon-left\" aria-hidden=\"true\"><\/i><span class=\"fusion-button-text awb-button__text awb-button__text--default\">Sicherheitsdatenblatt Beton<\/span><\/a><\/div>\n<p><!--more--><\/p>\n<div class=\"fusion-button-wrapper\"><a class=\"fusion-button button-flat fusion-button-default-size button-default fusion-button-default button-3 fusion-button-default-span fusion-button-default-type\" target=\"_blank\" rel=\"noopener noreferrer\" href=\"https:\/\/www.loetscher-kiesbeton.ch\/wp-content\/uploads\/2017\/11\/Sicherheitsmerkblatt-Beton.pdf\"><i class=\"fa-file-pdf fas awb-button__icon awb-button__icon--default button-icon-left\" aria-hidden=\"true\"><\/i><span class=\"fusion-button-text awb-button__text awb-button__text--default\">Sicherheitsmerkblatt Beton<\/span><\/a><\/div>\n<\/div><\/div><\/div><\/div><\/div><div class=\"fusion-clearfix\"><\/div><\/div><\/div><\/div><\/div>\n","protected":false},"excerpt":{"rendered":"","protected":false},"author":1,"featured_media":0,"parent":11786,"menu_order":0,"comment_status":"closed","ping_status":"closed","template":"","meta":{"footnotes":""},"class_list":["post-11800","page","type-page","status-publish","hentry"],"_links":{"self":[{"href":"https:\/\/www.loetscher-kiesbeton.ch\/index.php\/wp-json\/wp\/v2\/pages\/11800","targetHints":{"allow":["GET"]}}],"collection":[{"href":"https:\/\/www.loetscher-kiesbeton.ch\/index.php\/wp-json\/wp\/v2\/pages"}],"about":[{"href":"https:\/\/www.loetscher-kiesbeton.ch\/index.php\/wp-json\/wp\/v2\/types\/page"}],"author":[{"embeddable":true,"href":"https:\/\/www.loetscher-kiesbeton.ch\/index.php\/wp-json\/wp\/v2\/users\/1"}],"replies":[{"embeddable":true,"href":"https:\/\/www.loetscher-kiesbeton.ch\/index.php\/wp-json\/wp\/v2\/comments?post=11800"}],"version-history":[{"count":10,"href":"https:\/\/www.loetscher-kiesbeton.ch\/index.php\/wp-json\/wp\/v2\/pages\/11800\/revisions"}],"predecessor-version":[{"id":12572,"href":"https:\/\/www.loetscher-kiesbeton.ch\/index.php\/wp-json\/wp\/v2\/pages\/11800\/revisions\/12572"}],"up":[{"embeddable":true,"href":"https:\/\/www.loetscher-kiesbeton.ch\/index.php\/wp-json\/wp\/v2\/pages\/11786"}],"wp:attachment":[{"href":"https:\/\/www.loetscher-kiesbeton.ch\/index.php\/wp-json\/wp\/v2\/media?parent=11800"}],"curies":[{"name":"wp","href":"https:\/\/api.w.org\/{rel}","templated":true}]}}