{"id":11802,"date":"2017-11-10T15:35:49","date_gmt":"2017-11-10T15:35:49","guid":{"rendered":"http:\/\/www.loetscher-kiesbeton.ch\/?page_id=11802"},"modified":"2019-10-24T09:51:05","modified_gmt":"2019-10-24T09:51:05","slug":"transporte","status":"publish","type":"page","link":"https:\/\/www.loetscher-kiesbeton.ch\/index.php\/produkte\/transporte\/","title":{"rendered":"Transporte"},"content":{"rendered":"<div class=\"fusion-fullwidth fullwidth-box fusion-builder-row-1 nonhundred-percent-fullwidth non-hundred-percent-height-scrolling\" style=\"--awb-border-radius-top-left:0px;--awb-border-radius-top-right:0px;--awb-border-radius-bottom-right:0px;--awb-border-radius-bottom-left:0px;--awb-flex-wrap:wrap;\" ><div class=\"fusion-builder-row fusion-row\"><div class=\"fusion-layout-column fusion_builder_column fusion-builder-column-0 fusion_builder_column_1_1 1_1 fusion-one-full fusion-column-first fusion-column-last\" style=\"--awb-padding-bottom:50px;--awb-bg-size:cover;--awb-margin-bottom:0px;\"><div class=\"fusion-column-wrapper fusion-column-has-shadow fusion-flex-column-wrapper-legacy\"><div class=\"fusion-title title fusion-title-1 fusion-sep-none fusion-title-text fusion-title-size-two\"><h2 class=\"fusion-title-heading title-heading-left fusion-responsive-typography-calculated\" style=\"margin:0;--fontSize:18;--minFontSize:18;line-height:1.5;\"><strong>Fahrzeuge<\/strong><\/h2><\/div><div class=\"fusion-text fusion-text-1\"><p>Regietarife, Transporte ab Werk nach Ortschaften, Zuschl\u00e4ge, Ablade- und Wartezeiten und Mindestmasse siehe aktuelle Preisliste.<\/p>\n<\/div><div class=\"accordian fusion-accordian\" style=\"--awb-border-size:1px;--awb-icon-size:13px;--awb-content-font-size:15px;--awb-icon-alignment:left;--awb-hover-color:#f9f9f9;--awb-border-color:#cccccc;--awb-background-color:#ffffff;--awb-divider-color:#e0dede;--awb-divider-hover-color:#e0dede;--awb-icon-color:#ffffff;--awb-title-color:#333333;--awb-content-color:#747474;--awb-icon-box-color:#333333;--awb-toggle-hover-accent-color:#a0ce4e;--awb-title-font-family:&quot;Roboto Slab&quot;;--awb-title-font-weight:300;--awb-title-font-style:normal;--awb-title-font-size:14px;--awb-title-letter-spacing:0px;--awb-title-line-height:1.43;--awb-content-font-family:&quot;PT Sans&quot;;--awb-content-font-style:normal;--awb-content-font-weight:400;\"><div class=\"panel-group fusion-toggle-icon-boxed\" id=\"accordion-11802-1\"><div class=\"fusion-panel panel-default panel-c7be98d47598bb1a5 fusion-toggle-has-divider\"><div class=\"panel-heading\"><h4 class=\"panel-title toggle\" id=\"toggle_c7be98d47598bb1a5\"><a aria-expanded=\"false\" aria-controls=\"c7be98d47598bb1a5\" role=\"button\" data-toggle=\"collapse\" data-parent=\"#accordion-11802-1\" data-target=\"#c7be98d47598bb1a5\" href=\"#c7be98d47598bb1a5\"><span class=\"fusion-toggle-icon-wrapper\" aria-hidden=\"true\"><i class=\"fa-fusion-box active-icon awb-icon-minus\" aria-hidden=\"true\"><\/i><i class=\"fa-fusion-box inactive-icon awb-icon-plus\" aria-hidden=\"true\"><\/i><\/span><span class=\"fusion-toggle-heading\">Kipper 4-Achser<\/span><\/a><\/h4><\/div><div id=\"c7be98d47598bb1a5\" class=\"panel-collapse collapse \" aria-labelledby=\"toggle_c7be98d47598bb1a5\"><div class=\"panel-body toggle-content fusion-clearfix\">\n<p><img decoding=\"async\" class=\"size-medium wp-image-12626 alignleft\" src=\"https:\/\/www.loetscher-kiesbeton.ch\/wp-content\/uploads\/2019\/10\/4-a-k-800-300x145.jpg\" alt=\"\" width=\"300\" height=\"145\" srcset=\"https:\/\/www.loetscher-kiesbeton.ch\/wp-content\/uploads\/2019\/10\/4-a-k-800-200x97.jpg 200w, https:\/\/www.loetscher-kiesbeton.ch\/wp-content\/uploads\/2019\/10\/4-a-k-800-300x145.jpg 300w, https:\/\/www.loetscher-kiesbeton.ch\/wp-content\/uploads\/2019\/10\/4-a-k-800-400x194.jpg 400w, https:\/\/www.loetscher-kiesbeton.ch\/wp-content\/uploads\/2019\/10\/4-a-k-800-600x290.jpg 600w, https:\/\/www.loetscher-kiesbeton.ch\/wp-content\/uploads\/2019\/10\/4-a-k-800-768x372.jpg 768w, https:\/\/www.loetscher-kiesbeton.ch\/wp-content\/uploads\/2019\/10\/4-a-k-800.jpg 800w\" sizes=\"(max-width: 300px) 100vw, 300px\" \/><strong>Nutzlast:<\/strong> 18 t<\/p>\n<p><strong>Gesamtgewicht:<\/strong> 32 t<\/p>\n<p><strong>Zuladung je nach Sch\u00fcttgewicht:<\/strong><br \/>\nBeton: 7.50 &#8211; 9.50 m3<br \/>\nKies: 10.00 &#8211; 12.00 m3<\/p>\n<\/div><\/div><\/div><div class=\"fusion-panel panel-default panel-c27b26ed87d56d8e9 fusion-toggle-has-divider\"><div class=\"panel-heading\"><h4 class=\"panel-title toggle\" id=\"toggle_c27b26ed87d56d8e9\"><a aria-expanded=\"false\" aria-controls=\"c27b26ed87d56d8e9\" role=\"button\" data-toggle=\"collapse\" data-parent=\"#accordion-11802-1\" data-target=\"#c27b26ed87d56d8e9\" href=\"#c27b26ed87d56d8e9\"><span class=\"fusion-toggle-icon-wrapper\" aria-hidden=\"true\"><i class=\"fa-fusion-box active-icon awb-icon-minus\" aria-hidden=\"true\"><\/i><i class=\"fa-fusion-box inactive-icon awb-icon-plus\" aria-hidden=\"true\"><\/i><\/span><span class=\"fusion-toggle-heading\">Kipper 5-Achser<\/span><\/a><\/h4><\/div><div id=\"c27b26ed87d56d8e9\" class=\"panel-collapse collapse \" aria-labelledby=\"toggle_c27b26ed87d56d8e9\"><div class=\"panel-body toggle-content fusion-clearfix\">\n<p><strong><img decoding=\"async\" class=\"size-medium wp-image-12629 alignleft\" src=\"https:\/\/www.loetscher-kiesbeton.ch\/wp-content\/uploads\/2019\/10\/5-a-k-800-300x145.jpg\" alt=\"\" width=\"300\" height=\"145\" srcset=\"https:\/\/www.loetscher-kiesbeton.ch\/wp-content\/uploads\/2019\/10\/5-a-k-800-200x97.jpg 200w, https:\/\/www.loetscher-kiesbeton.ch\/wp-content\/uploads\/2019\/10\/5-a-k-800-300x145.jpg 300w, https:\/\/www.loetscher-kiesbeton.ch\/wp-content\/uploads\/2019\/10\/5-a-k-800-400x194.jpg 400w, https:\/\/www.loetscher-kiesbeton.ch\/wp-content\/uploads\/2019\/10\/5-a-k-800-600x290.jpg 600w, https:\/\/www.loetscher-kiesbeton.ch\/wp-content\/uploads\/2019\/10\/5-a-k-800-768x372.jpg 768w, https:\/\/www.loetscher-kiesbeton.ch\/wp-content\/uploads\/2019\/10\/5-a-k-800.jpg 800w\" sizes=\"(max-width: 300px) 100vw, 300px\" \/>Nutzlast:<\/strong> 22.5 t<\/p>\n<p><strong>Gesamtgewicht:<\/strong> 40 t<\/p>\n<p><strong>Zuladung je nach Sch\u00fcttgewicht:<\/strong><br \/>\nBeton: 9.50 &#8211; 12.00 m3<br \/>\nKies: 12.00 &#8211; 16.50 m3<\/p>\n<\/div><\/div><\/div><div class=\"fusion-panel panel-default panel-d10015a8889cc645b fusion-toggle-has-divider\"><div class=\"panel-heading\"><h4 class=\"panel-title toggle\" id=\"toggle_d10015a8889cc645b\"><a aria-expanded=\"false\" aria-controls=\"d10015a8889cc645b\" role=\"button\" data-toggle=\"collapse\" data-parent=\"#accordion-11802-1\" data-target=\"#d10015a8889cc645b\" href=\"#d10015a8889cc645b\"><span class=\"fusion-toggle-icon-wrapper\" aria-hidden=\"true\"><i class=\"fa-fusion-box active-icon awb-icon-minus\" aria-hidden=\"true\"><\/i><i class=\"fa-fusion-box inactive-icon awb-icon-plus\" aria-hidden=\"true\"><\/i><\/span><span class=\"fusion-toggle-heading\">Fahrmischer 4-Achser<\/span><\/a><\/h4><\/div><div id=\"d10015a8889cc645b\" class=\"panel-collapse collapse \" aria-labelledby=\"toggle_d10015a8889cc645b\"><div class=\"panel-body toggle-content fusion-clearfix\">\n<p><strong><img decoding=\"async\" class=\"size-medium wp-image-12624 alignleft\" src=\"https:\/\/www.loetscher-kiesbeton.ch\/wp-content\/uploads\/2019\/10\/4-a-f-800-300x145.jpg\" alt=\"\" width=\"300\" height=\"145\" srcset=\"https:\/\/www.loetscher-kiesbeton.ch\/wp-content\/uploads\/2019\/10\/4-a-f-800-200x97.jpg 200w, https:\/\/www.loetscher-kiesbeton.ch\/wp-content\/uploads\/2019\/10\/4-a-f-800-300x145.jpg 300w, https:\/\/www.loetscher-kiesbeton.ch\/wp-content\/uploads\/2019\/10\/4-a-f-800-400x194.jpg 400w, https:\/\/www.loetscher-kiesbeton.ch\/wp-content\/uploads\/2019\/10\/4-a-f-800-600x290.jpg 600w, https:\/\/www.loetscher-kiesbeton.ch\/wp-content\/uploads\/2019\/10\/4-a-f-800-768x372.jpg 768w, https:\/\/www.loetscher-kiesbeton.ch\/wp-content\/uploads\/2019\/10\/4-a-f-800.jpg 800w\" sizes=\"(max-width: 300px) 100vw, 300px\" \/>Nutzlast:<\/strong> 17.5 t<\/p>\n<p><strong>Gesamtgewicht:<\/strong> 32 t<\/p>\n<p><strong>Zuladung je nach Sch\u00fcttgewicht:<\/strong><br \/>\nBeton: 7.50 &#8211; 9.00 m3<br \/>\nKies: 9.50 &#8211; 11.00 m3<\/p>\n<\/div><\/div><\/div><div class=\"fusion-panel panel-default panel-c477b26f616d2bb4a fusion-toggle-has-divider\"><div class=\"panel-heading\"><h4 class=\"panel-title toggle\" id=\"toggle_c477b26f616d2bb4a\"><a aria-expanded=\"false\" aria-controls=\"c477b26f616d2bb4a\" role=\"button\" data-toggle=\"collapse\" data-parent=\"#accordion-11802-1\" data-target=\"#c477b26f616d2bb4a\" href=\"#c477b26f616d2bb4a\"><span class=\"fusion-toggle-icon-wrapper\" aria-hidden=\"true\"><i class=\"fa-fusion-box active-icon awb-icon-minus\" aria-hidden=\"true\"><\/i><i class=\"fa-fusion-box inactive-icon awb-icon-plus\" aria-hidden=\"true\"><\/i><\/span><span class=\"fusion-toggle-heading\">Fahrmischer 5-Achser<\/span><\/a><\/h4><\/div><div id=\"c477b26f616d2bb4a\" class=\"panel-collapse collapse \" aria-labelledby=\"toggle_c477b26f616d2bb4a\"><div class=\"panel-body toggle-content fusion-clearfix\">\n<p><strong><img decoding=\"async\" class=\"size-medium wp-image-12627 alignleft\" src=\"https:\/\/www.loetscher-kiesbeton.ch\/wp-content\/uploads\/2019\/10\/5-a-f-800-300x145.jpg\" alt=\"\" width=\"300\" height=\"145\" srcset=\"https:\/\/www.loetscher-kiesbeton.ch\/wp-content\/uploads\/2019\/10\/5-a-f-800-200x97.jpg 200w, https:\/\/www.loetscher-kiesbeton.ch\/wp-content\/uploads\/2019\/10\/5-a-f-800-300x145.jpg 300w, https:\/\/www.loetscher-kiesbeton.ch\/wp-content\/uploads\/2019\/10\/5-a-f-800-400x194.jpg 400w, https:\/\/www.loetscher-kiesbeton.ch\/wp-content\/uploads\/2019\/10\/5-a-f-800-600x290.jpg 600w, https:\/\/www.loetscher-kiesbeton.ch\/wp-content\/uploads\/2019\/10\/5-a-f-800-768x372.jpg 768w, https:\/\/www.loetscher-kiesbeton.ch\/wp-content\/uploads\/2019\/10\/5-a-f-800.jpg 800w\" sizes=\"(max-width: 300px) 100vw, 300px\" \/>Nutzlast:<\/strong> 22 t<\/p>\n<p><strong>Gesamtgewicht:<\/strong> 40 t<\/p>\n<p><strong>Zuladung je nach Sch\u00fcttgewicht:<\/strong><br \/>\nBeton: 9.00 &#8211; 11.00 m3<br \/>\nKies: 11.50 &#8211; 13.00 m3<\/p>\n<\/div><\/div><\/div><div class=\"fusion-panel panel-default panel-e8523758efc7faf73 fusion-toggle-has-divider\"><div class=\"panel-heading\"><h4 class=\"panel-title toggle\" id=\"toggle_e8523758efc7faf73\"><a aria-expanded=\"false\" aria-controls=\"e8523758efc7faf73\" role=\"button\" data-toggle=\"collapse\" data-parent=\"#accordion-11802-1\" data-target=\"#e8523758efc7faf73\" href=\"#e8523758efc7faf73\"><span class=\"fusion-toggle-icon-wrapper\" aria-hidden=\"true\"><i class=\"fa-fusion-box active-icon awb-icon-minus\" aria-hidden=\"true\"><\/i><i class=\"fa-fusion-box inactive-icon awb-icon-plus\" aria-hidden=\"true\"><\/i><\/span><span class=\"fusion-toggle-heading\">Fahrmischer mit F\u00f6rderband 4-Achser<\/span><\/a><\/h4><\/div><div id=\"e8523758efc7faf73\" class=\"panel-collapse collapse \" aria-labelledby=\"toggle_e8523758efc7faf73\"><div class=\"panel-body toggle-content fusion-clearfix\">\n<p><strong><img decoding=\"async\" class=\"size-medium wp-image-12625 alignleft\" src=\"https:\/\/www.loetscher-kiesbeton.ch\/wp-content\/uploads\/2019\/10\/4-a-fb-800-300x145.jpg\" alt=\"\" width=\"300\" height=\"145\" srcset=\"https:\/\/www.loetscher-kiesbeton.ch\/wp-content\/uploads\/2019\/10\/4-a-fb-800-200x97.jpg 200w, https:\/\/www.loetscher-kiesbeton.ch\/wp-content\/uploads\/2019\/10\/4-a-fb-800-300x145.jpg 300w, https:\/\/www.loetscher-kiesbeton.ch\/wp-content\/uploads\/2019\/10\/4-a-fb-800-400x194.jpg 400w, https:\/\/www.loetscher-kiesbeton.ch\/wp-content\/uploads\/2019\/10\/4-a-fb-800-600x290.jpg 600w, https:\/\/www.loetscher-kiesbeton.ch\/wp-content\/uploads\/2019\/10\/4-a-fb-800-768x372.jpg 768w, https:\/\/www.loetscher-kiesbeton.ch\/wp-content\/uploads\/2019\/10\/4-a-fb-800.jpg 800w\" sizes=\"(max-width: 300px) 100vw, 300px\" \/>Nutzlast:<\/strong> 15 t<\/p>\n<p><strong>Gesamtgewicht:<\/strong> 32 t<\/p>\n<p><strong>Zuladung je nach Sch\u00fcttgewicht:<\/strong><br \/>\nBeton: 6.50 &#8211; 8.00 m3<br \/>\nKies: 8.50 &#8211; 10.00 m3<\/p>\n<\/div><\/div><\/div><div class=\"fusion-panel panel-default panel-a51149e7a3ef63c35 fusion-toggle-has-divider\"><div class=\"panel-heading\"><h4 class=\"panel-title toggle\" id=\"toggle_a51149e7a3ef63c35\"><a aria-expanded=\"false\" aria-controls=\"a51149e7a3ef63c35\" role=\"button\" data-toggle=\"collapse\" data-parent=\"#accordion-11802-1\" data-target=\"#a51149e7a3ef63c35\" href=\"#a51149e7a3ef63c35\"><span class=\"fusion-toggle-icon-wrapper\" aria-hidden=\"true\"><i class=\"fa-fusion-box active-icon awb-icon-minus\" aria-hidden=\"true\"><\/i><i class=\"fa-fusion-box inactive-icon awb-icon-plus\" aria-hidden=\"true\"><\/i><\/span><span class=\"fusion-toggle-heading\">Fahrmischer mit F\u00f6rderband 5-Achser<\/span><\/a><\/h4><\/div><div id=\"a51149e7a3ef63c35\" class=\"panel-collapse collapse \" aria-labelledby=\"toggle_a51149e7a3ef63c35\"><div class=\"panel-body toggle-content fusion-clearfix\">\n<p><strong><img decoding=\"async\" class=\"size-medium wp-image-12628 alignleft\" src=\"https:\/\/www.loetscher-kiesbeton.ch\/wp-content\/uploads\/2019\/10\/5-a-fb-800-300x145.jpg\" alt=\"\" width=\"300\" height=\"145\" srcset=\"https:\/\/www.loetscher-kiesbeton.ch\/wp-content\/uploads\/2019\/10\/5-a-fb-800-200x97.jpg 200w, https:\/\/www.loetscher-kiesbeton.ch\/wp-content\/uploads\/2019\/10\/5-a-fb-800-300x145.jpg 300w, https:\/\/www.loetscher-kiesbeton.ch\/wp-content\/uploads\/2019\/10\/5-a-fb-800-400x194.jpg 400w, https:\/\/www.loetscher-kiesbeton.ch\/wp-content\/uploads\/2019\/10\/5-a-fb-800-600x290.jpg 600w, https:\/\/www.loetscher-kiesbeton.ch\/wp-content\/uploads\/2019\/10\/5-a-fb-800-768x372.jpg 768w, https:\/\/www.loetscher-kiesbeton.ch\/wp-content\/uploads\/2019\/10\/5-a-fb-800.jpg 800w\" sizes=\"(max-width: 300px) 100vw, 300px\" \/>Nutzlast:<\/strong> 19 t<\/p>\n<p><strong>Gesamtgewicht:<\/strong> 40 t<\/p>\n<p><strong>Zuladung je nach Sch\u00fcttgewicht:<\/strong><br \/>\nBeton: 8.00 &#8211; 10.00 m3<br \/>\nKies: 10.00 &#8211; 12.50 m3<\/p>\n<\/div><\/div><\/div><\/div><\/div><div class=\"fusion-clearfix\"><\/div><\/div><\/div><div class=\"fusion-layout-column fusion_builder_column fusion-builder-column-1 fusion_builder_column_1_1 1_1 fusion-one-full fusion-column-first fusion-column-last\" style=\"--awb-bg-size:cover;--awb-margin-bottom:0px;\"><div class=\"fusion-column-wrapper fusion-flex-column-wrapper-legacy\"><div class=\"fusion-title title fusion-title-2 fusion-sep-none fusion-title-text fusion-title-size-two\"><h2 class=\"fusion-title-heading title-heading-left fusion-responsive-typography-calculated\" style=\"margin:0;--fontSize:18;--minFontSize:18;line-height:1.5;\"><strong>Fahrmischer mit F\u00f6rderband<\/strong><\/h2><\/div><div class=\"fusion-text fusion-text-2\"><p><strong>Einsatzbereiche:<\/strong><\/p>\n<ul>\n<li>In wenigen Minuten einsatzbereit<\/li>\n<li>Wirtschaftliche L\u00f6sung zum Einbringen von Beton, Kies, Sand und andere Sch\u00fcttg\u00fcter<\/li>\n<li>Mit dem Teleskop durch \u00d6ffnungen wie T\u00fcren und Fenster<\/li>\n<li>Durch Funksteuerung feinf\u00fchlige Bedienung des Bandes an der Abladestelle<\/li>\n<\/ul>\n<p><strong>Reichweite:<\/strong> 12 bis 16 m<br \/>\n<strong>F\u00f6rderh\u00f6he:<\/strong> max. 7 m bei Winkel 24\u00b0<br \/>\n<strong>Schwenkbereich:<\/strong> 310\u00b0<br \/>\n<strong>F\u00f6rderleistung:<\/strong> zwischen 30 und 70 m3\/Std.<\/p>\n<\/div><div class=\"accordian fusion-accordian\" style=\"--awb-border-size:1px;--awb-icon-size:13px;--awb-content-font-size:15px;--awb-icon-alignment:left;--awb-hover-color:#f9f9f9;--awb-border-color:#cccccc;--awb-background-color:#ffffff;--awb-divider-color:#e0dede;--awb-divider-hover-color:#e0dede;--awb-icon-color:#ffffff;--awb-title-color:#333333;--awb-content-color:#747474;--awb-icon-box-color:#333333;--awb-toggle-hover-accent-color:#a0ce4e;--awb-title-font-family:&quot;Roboto Slab&quot;;--awb-title-font-weight:300;--awb-title-font-style:normal;--awb-title-font-size:14px;--awb-title-letter-spacing:0px;--awb-title-line-height:1.43;--awb-content-font-family:&quot;PT Sans&quot;;--awb-content-font-style:normal;--awb-content-font-weight:400;\"><div class=\"panel-group fusion-toggle-icon-boxed\" id=\"accordion-11802-2\"><div class=\"fusion-panel panel-default panel-c81db7d1095ae1a81 fusion-toggle-has-divider\"><div class=\"panel-heading\"><h4 class=\"panel-title toggle\" id=\"toggle_c81db7d1095ae1a81\"><a aria-expanded=\"false\" aria-controls=\"c81db7d1095ae1a81\" role=\"button\" data-toggle=\"collapse\" data-parent=\"#accordion-11802-2\" data-target=\"#c81db7d1095ae1a81\" href=\"#c81db7d1095ae1a81\"><span class=\"fusion-toggle-icon-wrapper\" aria-hidden=\"true\"><i class=\"fa-fusion-box active-icon awb-icon-minus\" aria-hidden=\"true\"><\/i><i class=\"fa-fusion-box inactive-icon awb-icon-plus\" aria-hidden=\"true\"><\/i><\/span><span class=\"fusion-toggle-heading\">Diagramm F\u00f6rderh\u00f6hen<\/span><\/a><\/h4><\/div><div id=\"c81db7d1095ae1a81\" class=\"panel-collapse collapse \" aria-labelledby=\"toggle_c81db7d1095ae1a81\"><div class=\"panel-body toggle-content fusion-clearfix\">\n<p><strong><img decoding=\"async\" class=\"alignnone size-full wp-image-12630\" src=\"https:\/\/www.loetscher-kiesbeton.ch\/wp-content\/uploads\/2019\/10\/diag-fb-01-1000.jpg\" alt=\"\" width=\"1000\" height=\"613\" srcset=\"https:\/\/www.loetscher-kiesbeton.ch\/wp-content\/uploads\/2019\/10\/diag-fb-01-1000-200x123.jpg 200w, https:\/\/www.loetscher-kiesbeton.ch\/wp-content\/uploads\/2019\/10\/diag-fb-01-1000-300x184.jpg 300w, https:\/\/www.loetscher-kiesbeton.ch\/wp-content\/uploads\/2019\/10\/diag-fb-01-1000-400x245.jpg 400w, https:\/\/www.loetscher-kiesbeton.ch\/wp-content\/uploads\/2019\/10\/diag-fb-01-1000-600x368.jpg 600w, https:\/\/www.loetscher-kiesbeton.ch\/wp-content\/uploads\/2019\/10\/diag-fb-01-1000-768x471.jpg 768w, https:\/\/www.loetscher-kiesbeton.ch\/wp-content\/uploads\/2019\/10\/diag-fb-01-1000-800x490.jpg 800w, https:\/\/www.loetscher-kiesbeton.ch\/wp-content\/uploads\/2019\/10\/diag-fb-01-1000.jpg 1000w\" sizes=\"(max-width: 1000px) 100vw, 1000px\" \/><\/strong><\/p>\n<\/div><\/div><\/div><div class=\"fusion-panel panel-default panel-ff05f21eba697b934 fusion-toggle-has-divider\"><div class=\"panel-heading\"><h4 class=\"panel-title toggle\" id=\"toggle_ff05f21eba697b934\"><a aria-expanded=\"false\" aria-controls=\"ff05f21eba697b934\" role=\"button\" data-toggle=\"collapse\" data-parent=\"#accordion-11802-2\" data-target=\"#ff05f21eba697b934\" href=\"#ff05f21eba697b934\"><span class=\"fusion-toggle-icon-wrapper\" aria-hidden=\"true\"><i class=\"fa-fusion-box active-icon awb-icon-minus\" aria-hidden=\"true\"><\/i><i class=\"fa-fusion-box inactive-icon awb-icon-plus\" aria-hidden=\"true\"><\/i><\/span><span class=\"fusion-toggle-heading\">Diagramm Schwenkbereich<\/span><\/a><\/h4><\/div><div id=\"ff05f21eba697b934\" class=\"panel-collapse collapse \" aria-labelledby=\"toggle_ff05f21eba697b934\"><div class=\"panel-body toggle-content fusion-clearfix\">\n<p><img decoding=\"async\" class=\"alignnone size-full wp-image-12631\" src=\"https:\/\/www.loetscher-kiesbeton.ch\/wp-content\/uploads\/2019\/10\/diag-fb-02-1000.jpg\" alt=\"\" width=\"1000\" height=\"730\" srcset=\"https:\/\/www.loetscher-kiesbeton.ch\/wp-content\/uploads\/2019\/10\/diag-fb-02-1000-200x146.jpg 200w, https:\/\/www.loetscher-kiesbeton.ch\/wp-content\/uploads\/2019\/10\/diag-fb-02-1000-300x219.jpg 300w, https:\/\/www.loetscher-kiesbeton.ch\/wp-content\/uploads\/2019\/10\/diag-fb-02-1000-400x292.jpg 400w, https:\/\/www.loetscher-kiesbeton.ch\/wp-content\/uploads\/2019\/10\/diag-fb-02-1000-600x438.jpg 600w, https:\/\/www.loetscher-kiesbeton.ch\/wp-content\/uploads\/2019\/10\/diag-fb-02-1000-768x561.jpg 768w, https:\/\/www.loetscher-kiesbeton.ch\/wp-content\/uploads\/2019\/10\/diag-fb-02-1000-800x584.jpg 800w, https:\/\/www.loetscher-kiesbeton.ch\/wp-content\/uploads\/2019\/10\/diag-fb-02-1000.jpg 1000w\" sizes=\"(max-width: 1000px) 100vw, 1000px\" \/><\/p>\n<\/div><\/div><\/div><\/div><\/div><div class=\"fusion-clearfix\"><\/div><\/div><\/div><\/div><\/div>\n","protected":false},"excerpt":{"rendered":"","protected":false},"author":1,"featured_media":0,"parent":11786,"menu_order":0,"comment_status":"closed","ping_status":"closed","template":"","meta":{"footnotes":""},"class_list":["post-11802","page","type-page","status-publish","hentry"],"_links":{"self":[{"href":"https:\/\/www.loetscher-kiesbeton.ch\/index.php\/wp-json\/wp\/v2\/pages\/11802","targetHints":{"allow":["GET"]}}],"collection":[{"href":"https:\/\/www.loetscher-kiesbeton.ch\/index.php\/wp-json\/wp\/v2\/pages"}],"about":[{"href":"https:\/\/www.loetscher-kiesbeton.ch\/index.php\/wp-json\/wp\/v2\/types\/page"}],"author":[{"embeddable":true,"href":"https:\/\/www.loetscher-kiesbeton.ch\/index.php\/wp-json\/wp\/v2\/users\/1"}],"replies":[{"embeddable":true,"href":"https:\/\/www.loetscher-kiesbeton.ch\/index.php\/wp-json\/wp\/v2\/comments?post=11802"}],"version-history":[{"count":12,"href":"https:\/\/www.loetscher-kiesbeton.ch\/index.php\/wp-json\/wp\/v2\/pages\/11802\/revisions"}],"predecessor-version":[{"id":12645,"href":"https:\/\/www.loetscher-kiesbeton.ch\/index.php\/wp-json\/wp\/v2\/pages\/11802\/revisions\/12645"}],"up":[{"embeddable":true,"href":"https:\/\/www.loetscher-kiesbeton.ch\/index.php\/wp-json\/wp\/v2\/pages\/11786"}],"wp:attachment":[{"href":"https:\/\/www.loetscher-kiesbeton.ch\/index.php\/wp-json\/wp\/v2\/media?parent=11802"}],"curies":[{"name":"wp","href":"https:\/\/api.w.org\/{rel}","templated":true}]}}