{"id":11839,"date":"2017-11-11T08:20:28","date_gmt":"2017-11-11T08:20:28","guid":{"rendered":"http:\/\/www.loetscher-kiesbeton.ch\/?page_id=11839"},"modified":"2023-11-16T13:19:43","modified_gmt":"2023-11-16T13:19:43","slug":"umwelt","status":"publish","type":"page","link":"https:\/\/www.loetscher-kiesbeton.ch\/index.php\/unternehmen\/umwelt\/","title":{"rendered":"Umwelt"},"content":{"rendered":"<div class=\"fusion-fullwidth fullwidth-box fusion-builder-row-1 nonhundred-percent-fullwidth non-hundred-percent-height-scrolling\" style=\"--awb-border-radius-top-left:0px;--awb-border-radius-top-right:0px;--awb-border-radius-bottom-right:0px;--awb-border-radius-bottom-left:0px;--awb-flex-wrap:wrap;\" ><div class=\"fusion-builder-row fusion-row\"><div class=\"fusion-layout-column fusion_builder_column fusion-builder-column-0 fusion_builder_column_1_1 1_1 fusion-one-full fusion-column-first fusion-column-last\" style=\"--awb-bg-size:cover;--awb-margin-bottom:0px;\"><div class=\"fusion-column-wrapper fusion-flex-column-wrapper-legacy\"><div class=\"accordian fusion-accordian\" style=\"--awb-border-size:1px;--awb-icon-size:13px;--awb-content-font-size:15px;--awb-icon-alignment:left;--awb-hover-color:#f9f9f9;--awb-border-color:#cccccc;--awb-background-color:#ffffff;--awb-divider-color:#e0dede;--awb-divider-hover-color:#e0dede;--awb-icon-color:#ffffff;--awb-title-color:#333333;--awb-content-color:#747474;--awb-icon-box-color:#333333;--awb-toggle-hover-accent-color:#a0ce4e;--awb-title-font-family:&quot;Roboto Slab&quot;;--awb-title-font-weight:300;--awb-title-font-style:normal;--awb-title-font-size:14px;--awb-title-letter-spacing:0px;--awb-title-line-height:1.43;--awb-content-font-family:&quot;PT Sans&quot;;--awb-content-font-style:normal;--awb-content-font-weight:400;\"><div class=\"panel-group fusion-toggle-icon-boxed\" id=\"accordion-11839-1\"><div class=\"fusion-panel panel-default panel-c373ee0c1dd84485d fusion-toggle-has-divider\"><div class=\"panel-heading\"><h4 class=\"panel-title toggle\" id=\"toggle_c373ee0c1dd84485d\"><a aria-expanded=\"false\" aria-controls=\"c373ee0c1dd84485d\" role=\"button\" data-toggle=\"collapse\" data-parent=\"#accordion-11839-1\" data-target=\"#c373ee0c1dd84485d\" href=\"#c373ee0c1dd84485d\"><span class=\"fusion-toggle-icon-wrapper\" aria-hidden=\"true\"><i class=\"fa-fusion-box active-icon awb-icon-minus\" aria-hidden=\"true\"><\/i><i class=\"fa-fusion-box inactive-icon awb-icon-plus\" aria-hidden=\"true\"><\/i><\/span><span class=\"fusion-toggle-heading\">Stiftung Natur &amp; Wirtschaft<\/span><\/a><\/h4><\/div><div id=\"c373ee0c1dd84485d\" class=\"panel-collapse collapse \" aria-labelledby=\"toggle_c373ee0c1dd84485d\"><div class=\"panel-body toggle-content fusion-clearfix\">\n<p><img decoding=\"async\" class=\"size-full wp-image-12065 alignleft\" src=\"https:\/\/www.loetscher-kiesbeton.ch\/wp-content\/uploads\/2017\/11\/logo_stiftung_naturundwirtschaft.gif\" alt=\"\" width=\"200\" height=\"38\" \/>Seit 2003 ist unsere Firma mit dem Label der Stiftung Natur &amp; Wirtschaft ausgezeichnet. Das Qualit\u00e4tslabel der Stiftung Natur &amp; Wirtschaft erhalten Firmen, welche die Natur auf ihrem Areal f\u00f6rdern. Die Fachpersonen vom FSKB unterst\u00fctzt uns dabei in der \u00f6kologischen Begleitplanung.<\/p>\n<p><!--more--><\/p>\n<div class=\"fusion-button-wrapper\"><a class=\"fusion-button button-flat fusion-button-default-size button-default fusion-button-default button-1 fusion-button-default-span fusion-button-default-type\" target=\"_blank\" rel=\"noopener noreferrer\" href=\"https:\/\/www.loetscher-kiesbeton.ch\/wp-content\/uploads\/2023\/11\/2023_Loetscher-Kies-und-Beton-AG_Zertifikat.pdf\"><i class=\"fa-file-pdf fas awb-button__icon awb-button__icon--default button-icon-left\" aria-hidden=\"true\"><\/i><span class=\"fusion-button-text awb-button__text awb-button__text--default\">Zertifikat Natur &amp; Wirtschaft<\/span><\/a><\/div>\n<\/div><\/div><\/div><div class=\"fusion-panel panel-default panel-2708616998888698a fusion-toggle-has-divider\"><div class=\"panel-heading\"><h4 class=\"panel-title toggle\" id=\"toggle_2708616998888698a\"><a aria-expanded=\"false\" aria-controls=\"2708616998888698a\" role=\"button\" data-toggle=\"collapse\" data-parent=\"#accordion-11839-1\" data-target=\"#2708616998888698a\" href=\"#2708616998888698a\"><span class=\"fusion-toggle-icon-wrapper\" aria-hidden=\"true\"><i class=\"fa-fusion-box active-icon awb-icon-minus\" aria-hidden=\"true\"><\/i><i class=\"fa-fusion-box inactive-icon awb-icon-plus\" aria-hidden=\"true\"><\/i><\/span><span class=\"fusion-toggle-heading\">Artenhilfsprogramm Geburtshelferkr\u00f6te Kanton Luzern<\/span><\/a><\/h4><\/div><div id=\"2708616998888698a\" class=\"panel-collapse collapse \" aria-labelledby=\"toggle_2708616998888698a\"><div class=\"panel-body toggle-content fusion-clearfix\">\n<p><span class=\"Text\"><img decoding=\"async\" class=\"size-full wp-image-12066 alignleft\" src=\"https:\/\/www.loetscher-kiesbeton.ch\/wp-content\/uploads\/2017\/11\/amphibien03.jpg\" alt=\"\" width=\"200\" height=\"149\" \/>Die Geburtshelferkr\u00f6te (Gl\u00f6gglifrosch) hat in den letzten Jahrzehnten im Kanton Luzern wie auch in weiten Teilen Mitteleuropas allarmierende Bestandesr\u00fcckg\u00e4nge erlitten. Das Amt f\u00fcr Natur- und Landschaftsschutz des Kanton Luzern hat deshalb ein zehnj\u00e4hriges Artenhilfsprogramm gestartet. Damit soll versucht werden, diese Art mit geeigneten, auf ihre speziellen Lebensraum-Anspr\u00fcche abgestimmten Massnahmen zu erhalten und zu f\u00f6rdern.<\/span><\/p>\n<p>Weitere Infos zur Gl\u00f6gglifrosch-Population im Areal der Kiesgrube Pfannenstil und zum Artenhilfsprogramm:<\/p>\n<p>J\u00f6rg Gemsch, Amt f\u00fcr Natur- und Landschaftsschutz, Murbacherstr. 23, 6002 Luzern<\/p>\n<\/div><\/div><\/div><\/div><\/div><div class=\"fusion-clearfix\"><\/div><\/div><\/div><\/div><\/div>\n","protected":false},"excerpt":{"rendered":"<p>Seit 2003 ist unsere Firma mit dem Label der Stiftung Natur &amp; Wirtschaft ausgezeichnet. Das Qualit\u00e4tslabel der Stiftung Natur &amp; Wirtschaft erhalten Firmen, welche die Natur auf ihrem Areal f\u00f6rdern. Die Fachpersonen vom FSKB unterst\u00fctzt uns dabei in der \u00f6kologischen Begleitplanung.<\/p>\n","protected":false},"author":1,"featured_media":0,"parent":11777,"menu_order":0,"comment_status":"closed","ping_status":"closed","template":"","meta":{"footnotes":""},"class_list":["post-11839","page","type-page","status-publish","hentry"],"_links":{"self":[{"href":"https:\/\/www.loetscher-kiesbeton.ch\/index.php\/wp-json\/wp\/v2\/pages\/11839","targetHints":{"allow":["GET"]}}],"collection":[{"href":"https:\/\/www.loetscher-kiesbeton.ch\/index.php\/wp-json\/wp\/v2\/pages"}],"about":[{"href":"https:\/\/www.loetscher-kiesbeton.ch\/index.php\/wp-json\/wp\/v2\/types\/page"}],"author":[{"embeddable":true,"href":"https:\/\/www.loetscher-kiesbeton.ch\/index.php\/wp-json\/wp\/v2\/users\/1"}],"replies":[{"embeddable":true,"href":"https:\/\/www.loetscher-kiesbeton.ch\/index.php\/wp-json\/wp\/v2\/comments?post=11839"}],"version-history":[{"count":10,"href":"https:\/\/www.loetscher-kiesbeton.ch\/index.php\/wp-json\/wp\/v2\/pages\/11839\/revisions"}],"predecessor-version":[{"id":13270,"href":"https:\/\/www.loetscher-kiesbeton.ch\/index.php\/wp-json\/wp\/v2\/pages\/11839\/revisions\/13270"}],"up":[{"embeddable":true,"href":"https:\/\/www.loetscher-kiesbeton.ch\/index.php\/wp-json\/wp\/v2\/pages\/11777"}],"wp:attachment":[{"href":"https:\/\/www.loetscher-kiesbeton.ch\/index.php\/wp-json\/wp\/v2\/media?parent=11839"}],"curies":[{"name":"wp","href":"https:\/\/api.w.org\/{rel}","templated":true}]}}