{"id":12392,"date":"2019-01-03T13:00:10","date_gmt":"2019-01-03T13:00:10","guid":{"rendered":"http:\/\/www.loetscher-kiesbeton.ch\/?page_id=12392"},"modified":"2021-10-19T08:38:55","modified_gmt":"2021-10-19T08:38:55","slug":"lernort-kiesgrube","status":"publish","type":"page","link":"https:\/\/www.loetscher-kiesbeton.ch\/index.php\/unternehmen\/lernort-kiesgrube\/","title":{"rendered":"Lernort Kiesgrube"},"content":{"rendered":"<div class=\"fusion-fullwidth fullwidth-box fusion-builder-row-1 nonhundred-percent-fullwidth non-hundred-percent-height-scrolling\" style=\"--awb-border-radius-top-left:0px;--awb-border-radius-top-right:0px;--awb-border-radius-bottom-right:0px;--awb-border-radius-bottom-left:0px;--awb-flex-wrap:wrap;\" ><div class=\"fusion-builder-row fusion-row\"><div class=\"fusion-layout-column fusion_builder_column fusion-builder-column-0 fusion_builder_column_1_1 1_1 fusion-one-full fusion-column-first fusion-column-last\" style=\"--awb-bg-size:cover;\"><div class=\"fusion-column-wrapper fusion-flex-column-wrapper-legacy\"><div class=\"fusion-image-element fusion-image-align-center in-legacy-container\" style=\"text-align:center;--awb-caption-title-font-family:var(--h2_typography-font-family);--awb-caption-title-font-weight:var(--h2_typography-font-weight);--awb-caption-title-font-style:var(--h2_typography-font-style);--awb-caption-title-size:var(--h2_typography-font-size);--awb-caption-title-transform:var(--h2_typography-text-transform);--awb-caption-title-line-height:var(--h2_typography-line-height);--awb-caption-title-letter-spacing:var(--h2_typography-letter-spacing);\"><div class=\"imageframe-align-center\"><span class=\" fusion-imageframe imageframe-none imageframe-1 hover-type-zoomin\"><img decoding=\"async\" width=\"300\" height=\"290\" title=\"Lernort Eiszeit Logo 300\" src=\"https:\/\/www.loetscher-kiesbeton.ch\/wp-content\/uploads\/2021\/10\/lernort-eiszeit-logo-300.png\" alt class=\"img-responsive wp-image-13077\" srcset=\"https:\/\/www.loetscher-kiesbeton.ch\/wp-content\/uploads\/2021\/10\/lernort-eiszeit-logo-300-200x193.png 200w, https:\/\/www.loetscher-kiesbeton.ch\/wp-content\/uploads\/2021\/10\/lernort-eiszeit-logo-300.png 300w\" sizes=\"(max-width: 1000px) 100vw, 300px\" \/><\/span><\/div><\/div><div class=\"fusion-text fusion-text-1\"><p>Die Kiesgrube eignet sich gut f\u00fcr einen ausserschulischen Lernort. Ausserschulisches Lernen ist ein wichtiger Bestandteil der Wissensvermittlung. In der einzigartigen Atmosph\u00e4re der Kiesgrube werden Kinder und Jugendliche in eine eiszeitliche Umgebung zur\u00fcckversetzt. Nachhaltiges Lernen in den Fachbereichen Natur, Mensch und Gesellschaft (NMG Lehrplan 21) f\u00e4llt einfach.<\/p>\n<p><strong>Links<\/strong><\/p>\n<p><a href=\"https:\/\/lernort-eiszeit.ch\/\" target=\"_blank\" rel=\"noopener\">www.lernort-eiszeit.ch<\/a><\/p>\n<p><a href=\"http:\/\/www.entdecke.lu.ch\/show\/5-6-klasse\/Geologie\" target=\"_blank\" rel=\"noopener noreferrer\">www.entdecke.lu.ch\/show\/5-6-klasse\/Geologie<\/a><\/p>\n<\/div><div class=\"fusion-clearfix\"><\/div><\/div><\/div><\/div><\/div>\n","protected":false},"excerpt":{"rendered":"","protected":false},"author":1,"featured_media":0,"parent":11777,"menu_order":0,"comment_status":"closed","ping_status":"closed","template":"","meta":{"footnotes":""},"class_list":["post-12392","page","type-page","status-publish","hentry"],"_links":{"self":[{"href":"https:\/\/www.loetscher-kiesbeton.ch\/index.php\/wp-json\/wp\/v2\/pages\/12392","targetHints":{"allow":["GET"]}}],"collection":[{"href":"https:\/\/www.loetscher-kiesbeton.ch\/index.php\/wp-json\/wp\/v2\/pages"}],"about":[{"href":"https:\/\/www.loetscher-kiesbeton.ch\/index.php\/wp-json\/wp\/v2\/types\/page"}],"author":[{"embeddable":true,"href":"https:\/\/www.loetscher-kiesbeton.ch\/index.php\/wp-json\/wp\/v2\/users\/1"}],"replies":[{"embeddable":true,"href":"https:\/\/www.loetscher-kiesbeton.ch\/index.php\/wp-json\/wp\/v2\/comments?post=12392"}],"version-history":[{"count":8,"href":"https:\/\/www.loetscher-kiesbeton.ch\/index.php\/wp-json\/wp\/v2\/pages\/12392\/revisions"}],"predecessor-version":[{"id":13080,"href":"https:\/\/www.loetscher-kiesbeton.ch\/index.php\/wp-json\/wp\/v2\/pages\/12392\/revisions\/13080"}],"up":[{"embeddable":true,"href":"https:\/\/www.loetscher-kiesbeton.ch\/index.php\/wp-json\/wp\/v2\/pages\/11777"}],"wp:attachment":[{"href":"https:\/\/www.loetscher-kiesbeton.ch\/index.php\/wp-json\/wp\/v2\/media?parent=12392"}],"curies":[{"name":"wp","href":"https:\/\/api.w.org\/{rel}","templated":true}]}}