{"id":2,"date":"2017-11-10T08:48:31","date_gmt":"2017-11-10T08:48:31","guid":{"rendered":"http:\/\/www.loetscher-kiesbeton.ch\/?page_id=2"},"modified":"2026-01-05T09:29:58","modified_gmt":"2026-01-05T09:29:58","slug":"sample-page","status":"publish","type":"page","link":"https:\/\/www.loetscher-kiesbeton.ch\/","title":{"rendered":"AKTUELL \/ NEWSLETTER"},"content":{"rendered":"<div class=\"fusion-fullwidth fullwidth-box fusion-builder-row-1 nonhundred-percent-fullwidth non-hundred-percent-height-scrolling\" style=\"--awb-border-radius-top-left:0px;--awb-border-radius-top-right:0px;--awb-border-radius-bottom-right:0px;--awb-border-radius-bottom-left:0px;--awb-flex-wrap:wrap;\" ><div class=\"fusion-builder-row fusion-row\"><div class=\"fusion-layout-column fusion_builder_column fusion-builder-column-0 fusion_builder_column_1_1 1_1 fusion-one-full fusion-column-first fusion-column-last\" style=\"--awb-bg-size:cover;--awb-margin-bottom:0px;\"><div class=\"fusion-column-wrapper fusion-flex-column-wrapper-legacy\"><div class=\"fusion-title title fusion-title-1 fusion-sep-none fusion-title-text fusion-title-size-two\"><h2 class=\"fusion-title-heading title-heading-left fusion-responsive-typography-calculated\" style=\"margin:0;--fontSize:18;--minFontSize:18;line-height:1.5;\"><strong><span class=\"fliesstext_titel1\">Hochwertiger Qualit\u00e4tsbeton und Kies aus dem Seetal<\/span><\/strong><\/h2><\/div><div class=\"fusion-text fusion-text-1\"><p>Seit 1924 sind wir im Kies- und Betongesch\u00e4ft t\u00e4tig. Zu Beginn mit Garette und Schaufel, steht uns heute moderne Verfahrenstechnik zur Verf\u00fcgung. Wir produzieren Kies, Sand und Beton lokal f\u00fcr einen regionalen Markt. Die Produktion wird durch die S\u00dcGB (Schweizerischer \u00dcberwachungsverband f\u00fcr Gesteinsbaustoffe) \u00fcberwacht. Wir liefern Produkte nach aktuellen Normen. Durch jahrelange Erfahrung k\u00f6nnen wir hochwertige Recyclingprodukte anbieten. Unsere Transportflotte bringt die Produkte zu Ihnen.<\/p>\n<p>Haben Sie Fragen, kontaktieren Sie uns!<\/p>\n<\/div><div class=\"fusion-sep-clear\"><\/div><div class=\"fusion-separator fusion-full-width-sep\" style=\"margin-left: auto;margin-right: auto;margin-top:10px;margin-bottom:20px;width:100%;\"><div class=\"fusion-separator-border sep-single sep-dotted\" style=\"--awb-height:20px;--awb-amount:20px;border-color:#e0dede;border-top-width:1px;\"><\/div><\/div><div class=\"fusion-sep-clear\"><\/div><div class=\"fusion-text fusion-text-2\"><h2>Unsere \u00d6ffnungszeiten<\/h2>\n<p><strong>Winter: 12. Januar bis 15. M\u00e4rz 2026<\/strong><\/p>\n<table border=\"0\" width=\"475\">\n<tbody>\n<tr>\n<td width=\"184\">\n<div align=\"left\">Montag bis Donnerstag<\/div>\n<\/td>\n<td width=\"79\">\n<div align=\"left\">Beton<\/div>\n<\/td>\n<td width=\"97\">\n<div align=\"left\">7.15 &#8211; 11.40<\/div>\n<\/td>\n<td width=\"97\">\n<div align=\"left\">13.00 &#8211; 16.30<\/div>\n<\/td>\n<\/tr>\n<tr>\n<td><\/td>\n<td>\n<div align=\"left\">Kies<\/div>\n<\/td>\n<td>\n<div align=\"left\">7.15 &#8211; 11.50<\/div>\n<\/td>\n<td>\n<div align=\"left\">13.00 &#8211; 16.45<\/div>\n<\/td>\n<\/tr>\n<tr>\n<td><\/td>\n<td>\n<div align=\"left\">Deponie<\/div>\n<\/td>\n<td>\n<div align=\"left\">7.15 &#8211; 11.50<\/div>\n<\/td>\n<td>\n<div align=\"left\">13.00 &#8211; 16.30<\/div>\n<\/td>\n<\/tr>\n<tr>\n<td><\/td>\n<td><\/td>\n<td><\/td>\n<td><\/td>\n<\/tr>\n<tr>\n<td>\n<div align=\"left\">Freitag<\/div>\n<\/td>\n<td>\n<div align=\"left\">Beton<\/div>\n<\/td>\n<td>\n<div align=\"left\">7.15 &#8211; 11.40<\/div>\n<\/td>\n<td>\n<div align=\"left\">13.00 &#8211; 16.00<\/div>\n<\/td>\n<\/tr>\n<tr>\n<td><\/td>\n<td>\n<div align=\"left\">Kies<\/div>\n<\/td>\n<td>\n<div align=\"left\">7.15 &#8211; 11.50<\/div>\n<\/td>\n<td>\n<div align=\"left\">13.00 &#8211; 16.15<\/div>\n<\/td>\n<\/tr>\n<tr>\n<td><\/td>\n<td>\n<div align=\"left\">Deponie<\/div>\n<\/td>\n<td>\n<div align=\"left\">7.15 &#8211; 11.50<\/div>\n<\/td>\n<td>\n<div align=\"left\">13.00 &#8211; 16.00<\/div>\n<\/td>\n<\/tr>\n<\/tbody>\n<\/table>\n<hr \/>\n<p><strong>Sommer: 16. M\u00e4rz bis 11. Oktober 2026<\/strong><\/p>\n<table border=\"0\" width=\"475\">\n<tbody>\n<tr>\n<td width=\"184\">\n<div align=\"left\">Montag bis Donnerstag<\/div>\n<\/td>\n<td width=\"79\">\n<div align=\"left\">Beton<\/div>\n<\/td>\n<td width=\"97\">\n<div align=\"left\">6.45 &#8211; 11.40<\/div>\n<\/td>\n<td width=\"97\">\n<div align=\"left\">13.00 &#8211; 16.45<\/div>\n<\/td>\n<\/tr>\n<tr>\n<td><\/td>\n<td>\n<div align=\"left\">Kies<\/div>\n<\/td>\n<td>\n<div align=\"left\">6.45 &#8211; 11.50<\/div>\n<\/td>\n<td>\n<div align=\"left\">13.00 &#8211; 17.00<\/div>\n<\/td>\n<\/tr>\n<tr>\n<td><\/td>\n<td>\n<div align=\"left\">Deponie<\/div>\n<\/td>\n<td>\n<div align=\"left\">6.45 &#8211; 11.50<\/div>\n<\/td>\n<td>\n<div align=\"left\">13.00 &#8211; 16.45<\/div>\n<\/td>\n<\/tr>\n<tr>\n<td><\/td>\n<td><\/td>\n<td><\/td>\n<td><\/td>\n<\/tr>\n<tr>\n<td>\n<div align=\"left\">Freitag<\/div>\n<\/td>\n<td>\n<div align=\"left\">Beton<\/div>\n<\/td>\n<td>\n<div align=\"left\">6.45 &#8211; 11.40<\/div>\n<\/td>\n<td>\n<div align=\"left\">13.00 &#8211; 16.30<\/div>\n<\/td>\n<\/tr>\n<tr>\n<td><\/td>\n<td>\n<div align=\"left\">Kies<\/div>\n<\/td>\n<td>\n<div align=\"left\">6.45 &#8211; 11.50<\/div>\n<\/td>\n<td>\n<div align=\"left\">13.00 &#8211; 16.45<\/div>\n<\/td>\n<\/tr>\n<tr>\n<td><\/td>\n<td>\n<div align=\"left\">Deponie<\/div>\n<\/td>\n<td>6.45 &#8211; 11.50<\/td>\n<td>13.00 &#8211; 16.30<\/td>\n<\/tr>\n<\/tbody>\n<\/table>\n<hr \/>\n<p><strong>Winter: 12. Oktober bis 22. Dezember 2026<\/strong><\/p>\n<table border=\"0\" width=\"475\">\n<tbody>\n<tr>\n<td width=\"184\">\n<div align=\"left\">Montag bis Donnerstag<\/div>\n<\/td>\n<td width=\"79\">\n<div align=\"left\">Beton<\/div>\n<\/td>\n<td width=\"97\">\n<div align=\"left\">7.15 &#8211; 11.40<\/div>\n<\/td>\n<td width=\"97\">\n<div align=\"left\">13.00 &#8211; 16.30<\/div>\n<\/td>\n<\/tr>\n<tr>\n<td><\/td>\n<td>\n<div align=\"left\">Kies<\/div>\n<\/td>\n<td>\n<div align=\"left\">7.15 &#8211; 11.50<\/div>\n<\/td>\n<td>\n<div align=\"left\">13.00 &#8211; 16.45<\/div>\n<\/td>\n<\/tr>\n<tr>\n<td><\/td>\n<td>\n<div align=\"left\">Deponie<\/div>\n<\/td>\n<td>\n<div align=\"left\">7.15 &#8211; 11.50<\/div>\n<\/td>\n<td>\n<div align=\"left\">13.00 &#8211; 16.30<\/div>\n<\/td>\n<\/tr>\n<tr>\n<td><\/td>\n<td><\/td>\n<td><\/td>\n<td><\/td>\n<\/tr>\n<tr>\n<td>\n<div align=\"left\">Freitag<\/div>\n<\/td>\n<td>\n<div align=\"left\">Beton<\/div>\n<\/td>\n<td>\n<div align=\"left\">7.15 &#8211; 11.40<\/div>\n<\/td>\n<td>\n<div align=\"left\">13.00 &#8211; 16.00<\/div>\n<\/td>\n<\/tr>\n<tr>\n<td><\/td>\n<td>\n<div align=\"left\">Kies<\/div>\n<\/td>\n<td>\n<div align=\"left\">7.15 &#8211; 11.50<\/div>\n<\/td>\n<td>\n<div align=\"left\">13.00 &#8211; 16.15<\/div>\n<\/td>\n<\/tr>\n<tr>\n<td><\/td>\n<td>\n<div align=\"left\">Deponie<\/div>\n<\/td>\n<td>7.15 &#8211; 11.50<\/td>\n<td>13.00 &#8211; 16.00<\/td>\n<\/tr>\n<\/tbody>\n<\/table>\n<hr \/>\n<p>Vor Feiertagen Schliessung abends eine Stunde fr\u00fcher!<\/p>\n<p>An folgenden Tagen ist das Werk zus\u00e4tzlich geschlossen:<br \/>\n15. Mai: Freitag nach Auffahrt<br \/>\n05. Juni: Freitag nach Fronleichnam<\/p>\n<p>Ab 23.12.2026 bleibt das Werk infolge Revision bis voraussichtlich 10.01.2027 geschlossen.<\/p>\n<\/div><div class=\"fusion-clearfix\"><\/div><\/div><\/div><\/div><\/div>\n","protected":false},"excerpt":{"rendered":"","protected":false},"author":1,"featured_media":0,"parent":0,"menu_order":0,"comment_status":"closed","ping_status":"closed","template":"","meta":{"footnotes":""},"class_list":["post-2","page","type-page","status-publish","hentry"],"_links":{"self":[{"href":"https:\/\/www.loetscher-kiesbeton.ch\/index.php\/wp-json\/wp\/v2\/pages\/2","targetHints":{"allow":["GET"]}}],"collection":[{"href":"https:\/\/www.loetscher-kiesbeton.ch\/index.php\/wp-json\/wp\/v2\/pages"}],"about":[{"href":"https:\/\/www.loetscher-kiesbeton.ch\/index.php\/wp-json\/wp\/v2\/types\/page"}],"author":[{"embeddable":true,"href":"https:\/\/www.loetscher-kiesbeton.ch\/index.php\/wp-json\/wp\/v2\/users\/1"}],"replies":[{"embeddable":true,"href":"https:\/\/www.loetscher-kiesbeton.ch\/index.php\/wp-json\/wp\/v2\/comments?post=2"}],"version-history":[{"count":42,"href":"https:\/\/www.loetscher-kiesbeton.ch\/index.php\/wp-json\/wp\/v2\/pages\/2\/revisions"}],"predecessor-version":[{"id":13449,"href":"https:\/\/www.loetscher-kiesbeton.ch\/index.php\/wp-json\/wp\/v2\/pages\/2\/revisions\/13449"}],"wp:attachment":[{"href":"https:\/\/www.loetscher-kiesbeton.ch\/index.php\/wp-json\/wp\/v2\/media?parent=2"}],"curies":[{"name":"wp","href":"https:\/\/api.w.org\/{rel}","templated":true}]}}